{"id":73968,"date":"2024-10-16T20:13:36","date_gmt":"2024-10-25T10:17:36","guid":{"rendered":"https:\/\/staging.nbg.eu\/product\/casio-gbd-800uc-5er\/"},"modified":"2024-10-25T10:19:05","modified_gmt":"2024-10-25T10:19:05","slug":"casio-gbd-800uc-5er","status":"publish","type":"product","link":"https:\/\/staging.nbg.eu\/no\/produkt\/casio-gbd-800uc-5er\/","title":{"rendered":"Casio GBD-800UC-5ER"},"content":{"rendered":"<div class=\"product-description\">\n<h2>Casio GBD-800UC-5ER: Treningsklokke<\/h2>\n<p>Casio GBD-800UC-5ER har et resin-etui og -rem, designet for aktiv bruk.<\/p>\n<ul>\n<li>M\u00e5l: 54,1 \u00d7 48,6 \u00d7 15,5 mm, vekt: 59g<\/li>\n<li>St\u00f8tresistent konstruksjon<\/li>\n<li>200 meters vannmotstand<\/li>\n<li>3 \u00e5rs batterilevetid med CR2025<\/li>\n<li>Skrittelling med 3-akse akselerasjonssensor<\/li>\n<li>Visning av skritt-m\u00e5lframgang og 7-timers skrittgraf<\/li>\n<li>Str\u00f8msparingsfunksjon<\/li>\n<\/ul>\n<p>GBD-800UC-5ER er en klokke for treningsoverv\u00e5king.<\/p>\n<\/div>\n","protected":false},"excerpt":{"rendered":"<p>Robust G-Shock med skritteller, 200m vannbestandig, 3-\u00e5rs batteri.<\/p>\n","protected":false},"featured_media":71248,"template":"","meta":{"_acf_changed":false},"product_brand":[11208],"product_cat":[13301,13277],"product_tag":[],"class_list":{"0":"post-73968","1":"product","2":"type-product","3":"status-publish","4":"has-post-thumbnail","6":"product_brand-casio","7":"product_cat-edc","8":"product_cat-klokker","10":"first","11":"instock","12":"taxable","13":"shipping-taxable","14":"purchasable","15":"product-type-simple"},"acf":[],"_links":{"self":[{"href":"https:\/\/staging.nbg.eu\/no\/wp-json\/wp\/v2\/product\/73968","targetHints":{"allow":["GET"]}}],"collection":[{"href":"https:\/\/staging.nbg.eu\/no\/wp-json\/wp\/v2\/product"}],"about":[{"href":"https:\/\/staging.nbg.eu\/no\/wp-json\/wp\/v2\/types\/product"}],"wp:featuredmedia":[{"embeddable":true,"href":"https:\/\/staging.nbg.eu\/no\/wp-json\/wp\/v2\/media\/71248"}],"wp:attachment":[{"href":"https:\/\/staging.nbg.eu\/no\/wp-json\/wp\/v2\/media?parent=73968"}],"wp:term":[{"taxonomy":"product_brand","embeddable":true,"href":"https:\/\/staging.nbg.eu\/no\/wp-json\/wp\/v2\/product_brand?post=73968"},{"taxonomy":"product_cat","embeddable":true,"href":"https:\/\/staging.nbg.eu\/no\/wp-json\/wp\/v2\/product_cat?post=73968"},{"taxonomy":"product_tag","embeddable":true,"href":"https:\/\/staging.nbg.eu\/no\/wp-json\/wp\/v2\/product_tag?post=73968"}],"curies":[{"name":"wp","href":"https:\/\/api.w.org\/{rel}","templated":true}]}}