{"id":68856,"date":"2023-11-26T19:05:46","date_gmt":"2024-09-20T12:58:42","guid":{"rendered":"https:\/\/staging.nbg.eu\/product\/geissele-super-duty-mod1-rifle-16-5-56mm-luna-black\/"},"modified":"2024-09-27T10:17:05","modified_gmt":"2024-09-27T10:17:05","slug":"geissele-super-duty-rifle-16-556mm-luna-svart","status":"publish","type":"product","link":"https:\/\/staging.nbg.eu\/no\/produkt\/geissele-super-duty-rifle-16-556mm-luna-svart\/","title":{"rendered":"Geissele Super Duty Rifle, 16&#8243;, 5.56MM- Luna Svart"},"content":{"rendered":"<h2>Geissele Super Duty Rifle &#8211; 16&#8243; 5,56mm<\/h2>\n<p>Geissele Super Duty er et 16&#8243; v\u00e5pen i 5,56 NATO som kombinerer moderne teknologi med h\u00e5ndverk.<\/p>\n<h2>Hovedfunksjoner:<\/h2>\n<ul>\n<li>16&#8243; kaldhamret, kromforet l\u00f8p (1:7&#8243; twist)<\/li>\n<li>Maskinert i Geisseles anlegg i North Wales, PA<\/li>\n<li>Karabin-lengde gassystem med kompakt gassblokk<\/li>\n<li>15&#8243; SMR MK16 modul\u00e6r skinne med M-LOK-kompatibilitet<\/li>\n<li>7075-T6 aluminiums nedre mottaker med Ultra Duty-delsett<\/li>\n<li>Toveisfunksjonell sikring<\/li>\n<li>Super-42 aksjonfj\u00e6r og H3-buffer<\/li>\n<\/ul>\n<h2>Spesifikasjoner:<\/h2>\n<ul>\n<li>Kaliber: 5,56 NATO<\/li>\n<li>L\u00f8p: Geissele kaldhamret, kromforet, 1\/7 twist<\/li>\n<li>Mottakere: Smidd 7075-T6, hardcoat anodisert type III<\/li>\n<li>L\u00e5sestol: REBCG (Forbedret p\u00e5litelighet l\u00e5sestolgruppe)<\/li>\n<li>Avtrekker: SSA-X med Lightning Bow<\/li>\n<li>Munningsenhet: Geissele Sparkout flammedemper<\/li>\n<li>Ladeh\u00e5ndtak: Airborne<\/li>\n<li>Farge: DDC (\u00d8rken st\u00f8v farge)*<\/li>\n<\/ul>\n<p><em>*Merk: DDC-anodisering kan variere i nyanse<\/em><\/p>\n<p>Geissele Super Duty Rifle kombinerer presisjon og p\u00e5litelighet i en kompakt, h\u00f8yytelses pakke.<\/p>\n","protected":false},"excerpt":{"rendered":"<p>Geissele Super Duty: 16&#8243; 5,56mm, avansert teknologi, presisjonsbygd.<\/p>\n","protected":false},"featured_media":68857,"template":"","meta":{"_acf_changed":false},"product_brand":[11384],"product_cat":[13308,13311],"product_tag":[],"class_list":{"0":"post-68856","1":"product","2":"type-product","3":"status-publish","4":"has-post-thumbnail","6":"product_brand-geissele","7":"product_cat-karabiner","8":"product_cat-rifle","10":"first","11":"instock","12":"taxable","13":"shipping-taxable","14":"product-type-simple"},"acf":[],"_links":{"self":[{"href":"https:\/\/staging.nbg.eu\/no\/wp-json\/wp\/v2\/product\/68856","targetHints":{"allow":["GET"]}}],"collection":[{"href":"https:\/\/staging.nbg.eu\/no\/wp-json\/wp\/v2\/product"}],"about":[{"href":"https:\/\/staging.nbg.eu\/no\/wp-json\/wp\/v2\/types\/product"}],"wp:featuredmedia":[{"embeddable":true,"href":"https:\/\/staging.nbg.eu\/no\/wp-json\/wp\/v2\/media\/68857"}],"wp:attachment":[{"href":"https:\/\/staging.nbg.eu\/no\/wp-json\/wp\/v2\/media?parent=68856"}],"wp:term":[{"taxonomy":"product_brand","embeddable":true,"href":"https:\/\/staging.nbg.eu\/no\/wp-json\/wp\/v2\/product_brand?post=68856"},{"taxonomy":"product_cat","embeddable":true,"href":"https:\/\/staging.nbg.eu\/no\/wp-json\/wp\/v2\/product_cat?post=68856"},{"taxonomy":"product_tag","embeddable":true,"href":"https:\/\/staging.nbg.eu\/no\/wp-json\/wp\/v2\/product_tag?post=68856"}],"curies":[{"name":"wp","href":"https:\/\/api.w.org\/{rel}","templated":true}]}}