{"id":68372,"date":"2023-12-10T10:23:45","date_gmt":"2023-12-10T10:23:45","guid":{"rendered":"https:\/\/staging.nbg.eu\/product\/alg-defense-el-jefe-16-5-56mm-black\/"},"modified":"2025-02-07T08:23:12","modified_gmt":"2025-02-07T08:23:12","slug":"alg-defense-el-jefe-16-556mm-svart","status":"publish","type":"product","link":"https:\/\/staging.nbg.eu\/no\/produkt\/alg-defense-el-jefe-16-556mm-svart\/","title":{"rendered":"ALG Defense El Jefe, 16&#8243;, 5.56MM &#8211; Svart"},"content":{"rendered":"<h2>ALG Defense El Jefe, 16&#8243;, 5,56MM &#8211; Svart<\/h2>\n<p>ALG Defense El Jefe-riflen er et Mil-Spec-klasse rifle til en rimelig pris. Dette komplette riflesystemet leveres med en rem og et Warner &amp; Swasey r\u00f8dpunktsikte.<\/p>\n<h2>Hovedfunksjoner:<\/h2>\n<ul>\n<li>7075 aluminiumsmottakere, smidd og CNC-maskinert<\/li>\n<li>Mil-Spec Type 3 anodisert overflate i matt svart<\/li>\n<li>ALG V3X h\u00e5ndvern med M-LOK-spor<\/li>\n<li>B5 Systems SOPMOD kolbe<\/li>\n<li>Geissele Super 42 flettet bufferj\u00e6r og H1-buffer<\/li>\n<li>Mil-Spec bolt carrier gruppe med hard kromplate<\/li>\n<li>ALG Defense Advanced Combat Trigger (ACT)<\/li>\n<li>Knappriflet, forkrommet l\u00f8p med 5,56 NATO-kammer<\/li>\n<li>Geissele gassblokk og forlenget midtlengde gassr\u00f8r<\/li>\n<li>Inkluderer M4 karabin Mil-Spec nettrem og QD-svivler<\/li>\n<li>Warner og Swasey 3 MOA r\u00f8dpunktsikte med integrerte reservesikter<\/li>\n<\/ul>\n<p>El Jefe kombinerer komponenter og h\u00e5ndverk for \u00e5 levere et p\u00e5litelig, n\u00f8yaktig og holdbart rifle egnet for sportsskyting, politi og hjemmeforsvar.<\/p>\n","protected":false},"excerpt":{"rendered":"<p>ALG Defense El Jefe: H\u00f8ykvalitets 5,56mm AR-15 med f\u00f8rsteklasses funksjoner.<\/p>\n","protected":false},"featured_media":68373,"template":"","meta":{"_acf_changed":false},"product_brand":[11384],"product_cat":[13308,13311],"product_tag":[],"class_list":{"0":"post-68372","1":"product","2":"type-product","3":"status-publish","4":"has-post-thumbnail","6":"product_brand-geissele","7":"product_cat-karabiner","8":"product_cat-rifle","10":"first","11":"instock","12":"taxable","13":"shipping-taxable","14":"product-type-simple"},"acf":[],"_links":{"self":[{"href":"https:\/\/staging.nbg.eu\/no\/wp-json\/wp\/v2\/product\/68372","targetHints":{"allow":["GET"]}}],"collection":[{"href":"https:\/\/staging.nbg.eu\/no\/wp-json\/wp\/v2\/product"}],"about":[{"href":"https:\/\/staging.nbg.eu\/no\/wp-json\/wp\/v2\/types\/product"}],"wp:featuredmedia":[{"embeddable":true,"href":"https:\/\/staging.nbg.eu\/no\/wp-json\/wp\/v2\/media\/68373"}],"wp:attachment":[{"href":"https:\/\/staging.nbg.eu\/no\/wp-json\/wp\/v2\/media?parent=68372"}],"wp:term":[{"taxonomy":"product_brand","embeddable":true,"href":"https:\/\/staging.nbg.eu\/no\/wp-json\/wp\/v2\/product_brand?post=68372"},{"taxonomy":"product_cat","embeddable":true,"href":"https:\/\/staging.nbg.eu\/no\/wp-json\/wp\/v2\/product_cat?post=68372"},{"taxonomy":"product_tag","embeddable":true,"href":"https:\/\/staging.nbg.eu\/no\/wp-json\/wp\/v2\/product_tag?post=68372"}],"curies":[{"name":"wp","href":"https:\/\/api.w.org\/{rel}","templated":true}]}}