{"id":68183,"date":"2024-01-30T18:09:06","date_gmt":"2024-09-20T12:20:19","guid":{"rendered":"https:\/\/staging.nbg.eu\/product\/surefire-m640dft-pro\/"},"modified":"2024-09-20T12:21:16","modified_gmt":"2024-09-20T12:21:16","slug":"surefire-m640dft-pro","status":"publish","type":"product","link":"https:\/\/staging.nbg.eu\/no\/produkt\/surefire-m640dft-pro\/","title":{"rendered":"SureFire M640DFT-PRO"},"content":{"rendered":"<div class=\"product-description\">\n<h2>SureFire M640DFT-PRO Turbo Scout Light Pro<\/h2>\n<p>M640DFT-PRO Turbo Scout Light Pro har f\u00f8lgende egenskaper:<\/p>\n<ul>\n<li>100 000 candela maksimal str\u00e5leintensitet med inkludert SF18650B-batteri<\/li>\n<li>Turbo-str\u00e5lem\u00f8nster for identifisering av m\u00e5l p\u00e5 lang avstand<\/li>\n<li>Lavprofil-montering (kompatibel med MIL-STD-1913 og M-LOK)<\/li>\n<li>Dual Fuel-kapasitet: bruk SF18650B oppladbart batteri eller to 123A litiumbatterier<\/li>\n<li>Holdbarhet og muligheter for fjernkontroll<\/li>\n<\/ul>\n<p>Laget av lett luftfartsaluminium og hard anodisert etter milit\u00e6re spesifikasjoner, denne O-ring-forseglede v\u00e5penlykten er egnet for bruk p\u00e5 lang avstand.<\/p>\n<\/div>\n","protected":false},"excerpt":{"rendered":"<p>H\u00f8yeffekts taktisk lykt med 100 000 candela lysstr\u00e5le for bruk p\u00e5 lang rekkevidde.<\/p>\n","protected":false},"featured_media":68184,"template":"","meta":{"_acf_changed":false},"product_brand":[11875],"product_cat":[13302,13311,13262],"product_tag":[],"class_list":{"0":"post-68183","1":"product","2":"type-product","3":"status-publish","4":"has-post-thumbnail","6":"product_brand-surefire","7":"product_cat-lys","8":"product_cat-rifle","9":"product_cat-riflelys","11":"first","12":"instock","13":"taxable","14":"shipping-taxable","15":"purchasable","16":"product-type-variable","17":"wvs-archive-product-wrapper"},"acf":[],"_links":{"self":[{"href":"https:\/\/staging.nbg.eu\/no\/wp-json\/wp\/v2\/product\/68183","targetHints":{"allow":["GET"]}}],"collection":[{"href":"https:\/\/staging.nbg.eu\/no\/wp-json\/wp\/v2\/product"}],"about":[{"href":"https:\/\/staging.nbg.eu\/no\/wp-json\/wp\/v2\/types\/product"}],"wp:featuredmedia":[{"embeddable":true,"href":"https:\/\/staging.nbg.eu\/no\/wp-json\/wp\/v2\/media\/68184"}],"wp:attachment":[{"href":"https:\/\/staging.nbg.eu\/no\/wp-json\/wp\/v2\/media?parent=68183"}],"wp:term":[{"taxonomy":"product_brand","embeddable":true,"href":"https:\/\/staging.nbg.eu\/no\/wp-json\/wp\/v2\/product_brand?post=68183"},{"taxonomy":"product_cat","embeddable":true,"href":"https:\/\/staging.nbg.eu\/no\/wp-json\/wp\/v2\/product_cat?post=68183"},{"taxonomy":"product_tag","embeddable":true,"href":"https:\/\/staging.nbg.eu\/no\/wp-json\/wp\/v2\/product_tag?post=68183"}],"curies":[{"name":"wp","href":"https:\/\/api.w.org\/{rel}","templated":true}]}}