{"id":67909,"date":"2024-01-13T10:41:33","date_gmt":"2024-09-20T12:17:51","guid":{"rendered":"https:\/\/staging.nbg.eu\/product\/surefire-m340dft-pro\/"},"modified":"2024-09-20T12:18:49","modified_gmt":"2024-09-20T12:18:49","slug":"surefire-m340dft-pro","status":"publish","type":"product","link":"https:\/\/staging.nbg.eu\/no\/produkt\/surefire-m340dft-pro\/","title":{"rendered":"SureFire M340DFT-PRO"},"content":{"rendered":"<div class=\"product-description\">\n<h2>SureFire M340DFT-PRO Turbo Mini Scout Light Pro<\/h2>\n<p>M340DFT-PRO har f\u00f8lgende egenskaper:<\/p>\n<ul>\n<li>95 000 candela maksimal str\u00e5leintensitet med medf\u00f8lgende SF18350-batteri<\/li>\n<li>Turbo-str\u00e5lem\u00f8nster for identifisering av m\u00e5l p\u00e5 lang avstand<\/li>\n<li>Lavprofil-feste for optimal posisjonering<\/li>\n<li>Dual Fuel-kapasitet: SF18350 oppladbart eller 123A litiumbatteri<\/li>\n<li>Holdbarhet og omfattende fjernstyringsalternativer<\/li>\n<\/ul>\n<p>M340DFT-PRO har en presisjonsreflektor som gir en konsentrert str\u00e5le, egnet for langtrekkende bruk. V\u00e5penlyset er laget av flyaluminium med hard anodisering i henhold til milit\u00e6re spesifikasjoner, og er konstruert for \u00e5 t\u00e5le krevende forhold.<\/p>\n<\/div>\n","protected":false},"excerpt":{"rendered":"<p>Kompakt, kraftig v\u00e5penlys med 95 000 candela maksimal str\u00e5leintensitet.<\/p>\n","protected":false},"featured_media":67910,"template":"","meta":{"_acf_changed":false},"product_brand":[11875],"product_cat":[13302,13311,13262],"product_tag":[],"class_list":{"0":"post-67909","1":"product","2":"type-product","3":"status-publish","4":"has-post-thumbnail","6":"product_brand-surefire","7":"product_cat-lys","8":"product_cat-rifle","9":"product_cat-riflelys","11":"first","12":"instock","13":"taxable","14":"shipping-taxable","15":"purchasable","16":"product-type-variable","17":"wvs-archive-product-wrapper"},"acf":[],"_links":{"self":[{"href":"https:\/\/staging.nbg.eu\/no\/wp-json\/wp\/v2\/product\/67909","targetHints":{"allow":["GET"]}}],"collection":[{"href":"https:\/\/staging.nbg.eu\/no\/wp-json\/wp\/v2\/product"}],"about":[{"href":"https:\/\/staging.nbg.eu\/no\/wp-json\/wp\/v2\/types\/product"}],"wp:featuredmedia":[{"embeddable":true,"href":"https:\/\/staging.nbg.eu\/no\/wp-json\/wp\/v2\/media\/67910"}],"wp:attachment":[{"href":"https:\/\/staging.nbg.eu\/no\/wp-json\/wp\/v2\/media?parent=67909"}],"wp:term":[{"taxonomy":"product_brand","embeddable":true,"href":"https:\/\/staging.nbg.eu\/no\/wp-json\/wp\/v2\/product_brand?post=67909"},{"taxonomy":"product_cat","embeddable":true,"href":"https:\/\/staging.nbg.eu\/no\/wp-json\/wp\/v2\/product_cat?post=67909"},{"taxonomy":"product_tag","embeddable":true,"href":"https:\/\/staging.nbg.eu\/no\/wp-json\/wp\/v2\/product_tag?post=67909"}],"curies":[{"name":"wp","href":"https:\/\/api.w.org\/{rel}","templated":true}]}}