{"id":67481,"date":"2024-01-13T12:03:58","date_gmt":"2024-09-20T12:08:00","guid":{"rendered":"https:\/\/staging.nbg.eu\/product\/surefire-ds00\/"},"modified":"2024-09-20T12:08:57","modified_gmt":"2024-09-20T12:08:57","slug":"surefire-ds00","status":"publish","type":"product","link":"https:\/\/staging.nbg.eu\/no\/produkt\/surefire-ds00\/","title":{"rendered":"SureFire DS00"},"content":{"rendered":"<p>\nSureFire DS00 er en vanntett bryterenhet for de fleste Scout Light\u00ae v\u00e5penlykter. Funksjoner:<\/p>\n<ul>\n<li>Uavhengig integrert og fjernkontrollert bryteroperasjon<\/li>\n<li>Kompatibilitet med forskjellige SureFire fjernstyrte b\u00e5ndbrytere<\/li>\n<li>Trykknapp for \u00e5 sl\u00e5 p\u00e5\/av<\/li>\n<li>Funksjon for \u00e5 deaktivere systemet<\/li>\n<li>Bryteredundans for p\u00e5litelighet<\/li>\n<\/ul>\n<p>DS00 forbedrer funksjonaliteten til din v\u00e5penlykt (Ikke kompatibel med Micro Scout Light Pro).<\/p>\n","protected":false},"excerpt":{"rendered":"<p>Allsidig bryter for SureFire v\u00e5penlys med to driftsmoduser.<\/p>\n","protected":false},"featured_media":67482,"template":"","meta":{"_acf_changed":false},"product_brand":[11875],"product_cat":[13302,13326,13311],"product_tag":[],"class_list":{"0":"post-67481","1":"product","2":"type-product","3":"status-publish","4":"has-post-thumbnail","6":"product_brand-surefire","7":"product_cat-lys","8":"product_cat-lystilbehor","9":"product_cat-rifle","11":"first","12":"instock","13":"taxable","14":"shipping-taxable","15":"purchasable","16":"product-type-variable","17":"wvs-archive-product-wrapper"},"acf":[],"_links":{"self":[{"href":"https:\/\/staging.nbg.eu\/no\/wp-json\/wp\/v2\/product\/67481","targetHints":{"allow":["GET"]}}],"collection":[{"href":"https:\/\/staging.nbg.eu\/no\/wp-json\/wp\/v2\/product"}],"about":[{"href":"https:\/\/staging.nbg.eu\/no\/wp-json\/wp\/v2\/types\/product"}],"wp:featuredmedia":[{"embeddable":true,"href":"https:\/\/staging.nbg.eu\/no\/wp-json\/wp\/v2\/media\/67482"}],"wp:attachment":[{"href":"https:\/\/staging.nbg.eu\/no\/wp-json\/wp\/v2\/media?parent=67481"}],"wp:term":[{"taxonomy":"product_brand","embeddable":true,"href":"https:\/\/staging.nbg.eu\/no\/wp-json\/wp\/v2\/product_brand?post=67481"},{"taxonomy":"product_cat","embeddable":true,"href":"https:\/\/staging.nbg.eu\/no\/wp-json\/wp\/v2\/product_cat?post=67481"},{"taxonomy":"product_tag","embeddable":true,"href":"https:\/\/staging.nbg.eu\/no\/wp-json\/wp\/v2\/product_tag?post=67481"}],"curies":[{"name":"wp","href":"https:\/\/api.w.org\/{rel}","templated":true}]}}