{"id":66875,"date":"2024-01-13T20:15:17","date_gmt":"2024-09-20T11:57:19","guid":{"rendered":"https:\/\/staging.nbg.eu\/product\/surefire-x300u-b\/"},"modified":"2025-02-19T14:59:03","modified_gmt":"2025-02-19T14:59:03","slug":"surefire-x300u-b","status":"publish","type":"product","link":"https:\/\/staging.nbg.eu\/no\/produkt\/surefire-x300u-b\/","title":{"rendered":"SureFire X300U-B"},"content":{"rendered":"<div class=\"product-description\">\n<h2>SureFire X300U-B Taktisk V\u00e5penlys<\/h2>\n<p>SureFire X300U-B er et taktisk lys designet for profesjonelt bruk. Det gir 1000 lumens LED-generert lys, fokusert av en TIR-linse.<\/p>\n<ul>\n<li>T-spor tommelskrue for feste til skinner<\/li>\n<li>Ambidekstr\u00f8s bryter for aktivering<\/li>\n<li>Aluminiumskropp med hard anodisert overflate<\/li>\n<li>IPX7 vanntett (1 meter i 30 minutter)<\/li>\n<li>1,25 timers driftstid p\u00e5 to 123A litiumbatterier<\/li>\n<li>M\u00e5l: 3,76 tommer lang, vekt 4,0 oz<\/li>\n<\/ul>\n<p>SureFire X300U-B belyser over lengre avstander.<\/p>\n<\/div>\n","protected":false},"excerpt":{"rendered":"<p>SureFire X300U-B: 1000-lumen taktisk lys for h\u00e5ndv\u00e5pen og lange v\u00e5pen.<\/p>\n","protected":false},"featured_media":66876,"template":"","meta":{"_acf_changed":false},"product_brand":[11875],"product_cat":[13302,13268,13295],"product_tag":[],"class_list":{"0":"post-66875","1":"product","2":"type-product","3":"status-publish","4":"has-post-thumbnail","6":"product_brand-surefire","7":"product_cat-lys","8":"product_cat-pistol","9":"product_cat-pistollys","11":"first","12":"instock","13":"taxable","14":"shipping-taxable","15":"purchasable","16":"product-type-variable","17":"wvs-archive-product-wrapper"},"acf":[],"_links":{"self":[{"href":"https:\/\/staging.nbg.eu\/no\/wp-json\/wp\/v2\/product\/66875","targetHints":{"allow":["GET"]}}],"collection":[{"href":"https:\/\/staging.nbg.eu\/no\/wp-json\/wp\/v2\/product"}],"about":[{"href":"https:\/\/staging.nbg.eu\/no\/wp-json\/wp\/v2\/types\/product"}],"wp:featuredmedia":[{"embeddable":true,"href":"https:\/\/staging.nbg.eu\/no\/wp-json\/wp\/v2\/media\/66876"}],"wp:attachment":[{"href":"https:\/\/staging.nbg.eu\/no\/wp-json\/wp\/v2\/media?parent=66875"}],"wp:term":[{"taxonomy":"product_brand","embeddable":true,"href":"https:\/\/staging.nbg.eu\/no\/wp-json\/wp\/v2\/product_brand?post=66875"},{"taxonomy":"product_cat","embeddable":true,"href":"https:\/\/staging.nbg.eu\/no\/wp-json\/wp\/v2\/product_cat?post=66875"},{"taxonomy":"product_tag","embeddable":true,"href":"https:\/\/staging.nbg.eu\/no\/wp-json\/wp\/v2\/product_tag?post=66875"}],"curies":[{"name":"wp","href":"https:\/\/api.w.org\/{rel}","templated":true}]}}