{"id":66629,"date":"2024-01-30T18:10:41","date_gmt":"2024-09-20T11:53:50","guid":{"rendered":"https:\/\/staging.nbg.eu\/product\/surefire-x300t-a\/"},"modified":"2024-09-20T11:54:47","modified_gmt":"2024-09-20T11:54:47","slug":"surefire-x300t-a","status":"publish","type":"product","link":"https:\/\/staging.nbg.eu\/no\/produkt\/surefire-x300t-a\/","title":{"rendered":"SureFire X300T-A"},"content":{"rendered":"<div class=\"product-description\">\n<h2>SureFire X300T-A Taktisk V\u00e5penlys<\/h2>\n<p>SureFire X300T-A er et taktisk lys med 66 000 candela maksimal str\u00e5leintensitet og 650 lumens lyseffekt. Dette lyset gir:<\/p>\n<ul>\n<li>Turbo str\u00e5lingsm\u00f8nster for m\u00e5lidentifisering p\u00e5 lange avstander<\/li>\n<li>Feste-system for montering p\u00e5 Universal- og Picatinny-skinner<\/li>\n<li>Ambidekstr\u00f8s bryter for aktivering<\/li>\n<li>Kompatibilitet med eksisterende X300U-A hylstre<\/li>\n<li>Aluminiumshus med hard anodisert overflate<\/li>\n<li>IPX7 vanntett klassifisering (1 meter i 30 minutter)<\/li>\n<li>1,5 timers driftstid p\u00e5 to medf\u00f8lgende 123A litiumbatterier<\/li>\n<\/ul>\n<p>X300T-A kan belyse m\u00e5l opptil 514 meter unna.<\/p>\n<\/div>\n","protected":false},"excerpt":{"rendered":"<p>SureFire X300T-A: 66 000-candela taktisk lys for langdistanse personidentifikasjon.<\/p>\n","protected":false},"featured_media":66630,"template":"","meta":{"_acf_changed":false},"product_brand":[11875],"product_cat":[13302,13268,13295],"product_tag":[],"class_list":{"0":"post-66629","1":"product","2":"type-product","3":"status-publish","4":"has-post-thumbnail","6":"product_brand-surefire","7":"product_cat-lys","8":"product_cat-pistol","9":"product_cat-pistollys","11":"first","12":"instock","13":"taxable","14":"shipping-taxable","15":"purchasable","16":"product-type-variable","17":"wvs-archive-product-wrapper"},"acf":[],"_links":{"self":[{"href":"https:\/\/staging.nbg.eu\/no\/wp-json\/wp\/v2\/product\/66629","targetHints":{"allow":["GET"]}}],"collection":[{"href":"https:\/\/staging.nbg.eu\/no\/wp-json\/wp\/v2\/product"}],"about":[{"href":"https:\/\/staging.nbg.eu\/no\/wp-json\/wp\/v2\/types\/product"}],"wp:featuredmedia":[{"embeddable":true,"href":"https:\/\/staging.nbg.eu\/no\/wp-json\/wp\/v2\/media\/66630"}],"wp:attachment":[{"href":"https:\/\/staging.nbg.eu\/no\/wp-json\/wp\/v2\/media?parent=66629"}],"wp:term":[{"taxonomy":"product_brand","embeddable":true,"href":"https:\/\/staging.nbg.eu\/no\/wp-json\/wp\/v2\/product_brand?post=66629"},{"taxonomy":"product_cat","embeddable":true,"href":"https:\/\/staging.nbg.eu\/no\/wp-json\/wp\/v2\/product_cat?post=66629"},{"taxonomy":"product_tag","embeddable":true,"href":"https:\/\/staging.nbg.eu\/no\/wp-json\/wp\/v2\/product_tag?post=66629"}],"curies":[{"name":"wp","href":"https:\/\/api.w.org\/{rel}","templated":true}]}}