{"id":66261,"date":"2024-01-18T13:56:08","date_gmt":"2024-09-20T11:48:36","guid":{"rendered":"https:\/\/staging.nbg.eu\/product\/surefire-switch-assembly-z-xbc\/"},"modified":"2024-09-20T11:49:36","modified_gmt":"2024-09-20T11:49:36","slug":"surefire-bryter-montering-z-xbc","status":"publish","type":"product","link":"https:\/\/staging.nbg.eu\/no\/produkt\/surefire-bryter-montering-z-xbc\/","title":{"rendered":"SureFire Bryter Montering Z-XBC"},"content":{"rendered":"<p>\nSureFire bryterenhet Z-XBC er den originale erstatningsbryteren for X300, X400 og XH30 v\u00e5penlys. Egenskaper inkluderer:<\/p>\n<ul>\n<li>Ambidekstr\u00f8s dobbel momentan og konstant p\u00e5-trykk\/vekslebryter<\/li>\n<li>Konstruksjon i slitesterk polymer<\/li>\n<li>Tilgjengelig i svart eller tan<\/li>\n<\/ul>\n<p>Ikke kompatibel med XH50G v\u00e5penlys. S\u00f8rg for at du bruker riktig bryter til ditt SureFire v\u00e5penlys.<\/p>\n","protected":false},"excerpt":{"rendered":"<p>Erstatningsbryter for SureFire X300\/X400\/XH30 v\u00e5penlys. To-modus.<\/p>\n","protected":false},"featured_media":66262,"template":"","meta":{"_acf_changed":false},"product_brand":[11875],"product_cat":[13302,13326,13268,13295],"product_tag":[],"class_list":{"0":"post-66261","1":"product","2":"type-product","3":"status-publish","4":"has-post-thumbnail","6":"product_brand-surefire","7":"product_cat-lys","8":"product_cat-lystilbehor","9":"product_cat-pistol","10":"product_cat-pistollys","12":"first","13":"instock","14":"taxable","15":"shipping-taxable","16":"purchasable","17":"product-type-variable","18":"wvs-archive-product-wrapper"},"acf":[],"_links":{"self":[{"href":"https:\/\/staging.nbg.eu\/no\/wp-json\/wp\/v2\/product\/66261","targetHints":{"allow":["GET"]}}],"collection":[{"href":"https:\/\/staging.nbg.eu\/no\/wp-json\/wp\/v2\/product"}],"about":[{"href":"https:\/\/staging.nbg.eu\/no\/wp-json\/wp\/v2\/types\/product"}],"wp:featuredmedia":[{"embeddable":true,"href":"https:\/\/staging.nbg.eu\/no\/wp-json\/wp\/v2\/media\/66262"}],"wp:attachment":[{"href":"https:\/\/staging.nbg.eu\/no\/wp-json\/wp\/v2\/media?parent=66261"}],"wp:term":[{"taxonomy":"product_brand","embeddable":true,"href":"https:\/\/staging.nbg.eu\/no\/wp-json\/wp\/v2\/product_brand?post=66261"},{"taxonomy":"product_cat","embeddable":true,"href":"https:\/\/staging.nbg.eu\/no\/wp-json\/wp\/v2\/product_cat?post=66261"},{"taxonomy":"product_tag","embeddable":true,"href":"https:\/\/staging.nbg.eu\/no\/wp-json\/wp\/v2\/product_tag?post=66261"}],"curies":[{"name":"wp","href":"https:\/\/api.w.org\/{rel}","templated":true}]}}