{"id":65348,"date":"2024-09-19T17:15:31","date_gmt":"2024-09-19T14:15:31","guid":{"rendered":"https:\/\/staging.nbg.eu\/?post_type=product&#038;p=65348"},"modified":"2025-10-20T12:25:38","modified_gmt":"2025-10-20T09:25:38","slug":"rh-owb-classics-hylster","status":"publish","type":"product","link":"https:\/\/staging.nbg.eu\/no\/produkt\/rh-owb-classics-hylster\/","title":{"rendered":"RH OWB Classics Hylster"},"content":{"rendered":"<div class=\"product-description\">\n<h2>RH OWB Classics Hylster<\/h2>\n<p>RH OWB Classics Hylster er laget av l\u00e6r og sydd for daglig bruk. Dette hylsteret som b\u00e6res utenfor bukselinningen tilbyr:<\/p>\n<ul>\n<li>Holdbar konstruksjon for langvarig bruk<\/li>\n<li>Komfortabel passform for heldagsbruk<\/li>\n<li>Sikker feste for \u00e5 holde v\u00e5penet p\u00e5 plass<\/li>\n<li>Rask trekking<\/li>\n<li>Klassisk design<\/li>\n<\/ul>\n<p>Tilgjengelig for mange popul\u00e6re h\u00e5ndv\u00e5penmodeller. RH OWB Classics Hylster kan brukes til skjult b\u00e6ring, skytetrening eller \u00e5pen b\u00e6ring. Dette hylsteret har v\u00e6rt popul\u00e6rt blant v\u00e5peneiere i flere \u00e5r.<\/p>\n<\/div>\n","protected":false},"excerpt":{"rendered":"<p>Sikker, komfortabel OWB-hylster for klassiske skytev\u00e5pen. Slitesterk design.<\/p>\n","protected":false},"featured_media":65456,"template":"","meta":{"_acf_changed":false},"product_brand":[11647],"product_cat":[13265,13303,13252],"product_tag":[],"class_list":{"0":"post-65348","1":"product","2":"type-product","3":"status-publish","4":"has-post-thumbnail","6":"product_brand-rh-holsters","7":"product_cat-hylster","8":"product_cat-sporthylster","9":"product_cat-taktisk-hylster","10":"pa_belt-size-40mm-no","11":"pa_light-streamlight-tlr-1","12":"pa_light-surefire-x300-ultra-a-no","13":"pa_light-surefire-x300u","14":"pa_light-without-light-no","15":"pa_model-1911-no-2","16":"pa_model-beretta-92fs-no","17":"pa_model-beretta-92x-no","18":"pa_model-cz-75-b-no","19":"pa_model-glock-17-no","20":"pa_model-glock-19-17","21":"pa_model-glock-19-23-32-no","22":"pa_model-glock-43x-no","23":"pa_model-hk45-no-2","24":"pa_model-sig-sauer-p226-bez-railu-no","25":"pa_strong-hand-right-no","27":"first","28":"instock","29":"taxable","30":"shipping-taxable","31":"purchasable","32":"product-type-variable","33":"wvs-archive-product-wrapper"},"acf":[],"_links":{"self":[{"href":"https:\/\/staging.nbg.eu\/no\/wp-json\/wp\/v2\/product\/65348","targetHints":{"allow":["GET"]}}],"collection":[{"href":"https:\/\/staging.nbg.eu\/no\/wp-json\/wp\/v2\/product"}],"about":[{"href":"https:\/\/staging.nbg.eu\/no\/wp-json\/wp\/v2\/types\/product"}],"wp:featuredmedia":[{"embeddable":true,"href":"https:\/\/staging.nbg.eu\/no\/wp-json\/wp\/v2\/media\/65456"}],"wp:attachment":[{"href":"https:\/\/staging.nbg.eu\/no\/wp-json\/wp\/v2\/media?parent=65348"}],"wp:term":[{"taxonomy":"product_brand","embeddable":true,"href":"https:\/\/staging.nbg.eu\/no\/wp-json\/wp\/v2\/product_brand?post=65348"},{"taxonomy":"product_cat","embeddable":true,"href":"https:\/\/staging.nbg.eu\/no\/wp-json\/wp\/v2\/product_cat?post=65348"},{"taxonomy":"product_tag","embeddable":true,"href":"https:\/\/staging.nbg.eu\/no\/wp-json\/wp\/v2\/product_tag?post=65348"}],"curies":[{"name":"wp","href":"https:\/\/api.w.org\/{rel}","templated":true}]}}