{"id":63309,"date":"2024-01-23T19:46:33","date_gmt":"2024-09-16T13:04:46","guid":{"rendered":"https:\/\/staging.nbg.eu\/product\/iosso-gunbrite\/"},"modified":"2024-09-16T13:05:42","modified_gmt":"2024-09-16T13:05:42","slug":"iosso-gunbrite","status":"publish","type":"product","link":"https:\/\/staging.nbg.eu\/no\/produkt\/iosso-gunbrite\/","title":{"rendered":"Iosso GunBrite"},"content":{"rendered":"<p>\nIosso GunBrite: En l\u00f8sning for rengj\u00f8ring av v\u00e5pen<\/p>\n<ul>\n<li>Trygg for alle v\u00e5penoverflater<\/li>\n<li>Fjerner avleiringer, rust, anl\u00f8p og misfarging<\/li>\n<li>Rengj\u00f8r sylinderspor<\/li>\n<li>Etterlater et beskyttende, ikke-oljete belegg<\/li>\n<li>Motstandsdyktig mot fingeravtrykk og fuktighet<\/li>\n<\/ul>\n<p>Iosso GunBrite for rengj\u00f8ring av skytev\u00e5pen<\/p>\n","protected":false},"excerpt":{"rendered":"<p>Iosso GunBrite: Rengj\u00f8r, polerer og beskytter skytev\u00e5pen p\u00e5 en sikker m\u00e5te.<\/p>\n","protected":false},"featured_media":102608,"template":"","meta":{"_acf_changed":false},"product_brand":[11489],"product_cat":[13306,13292],"product_tag":[],"class_list":{"0":"post-63309","1":"product","2":"type-product","3":"status-publish","4":"has-post-thumbnail","6":"product_brand-iosso","7":"product_cat-rengjoringsmidler","8":"product_cat-vapenrengjoring","10":"first","11":"instock","12":"taxable","13":"shipping-taxable","14":"purchasable","15":"product-type-variable","16":"wvs-archive-product-wrapper"},"acf":[],"_links":{"self":[{"href":"https:\/\/staging.nbg.eu\/no\/wp-json\/wp\/v2\/product\/63309","targetHints":{"allow":["GET"]}}],"collection":[{"href":"https:\/\/staging.nbg.eu\/no\/wp-json\/wp\/v2\/product"}],"about":[{"href":"https:\/\/staging.nbg.eu\/no\/wp-json\/wp\/v2\/types\/product"}],"wp:featuredmedia":[{"embeddable":true,"href":"https:\/\/staging.nbg.eu\/no\/wp-json\/wp\/v2\/media\/102608"}],"wp:attachment":[{"href":"https:\/\/staging.nbg.eu\/no\/wp-json\/wp\/v2\/media?parent=63309"}],"wp:term":[{"taxonomy":"product_brand","embeddable":true,"href":"https:\/\/staging.nbg.eu\/no\/wp-json\/wp\/v2\/product_brand?post=63309"},{"taxonomy":"product_cat","embeddable":true,"href":"https:\/\/staging.nbg.eu\/no\/wp-json\/wp\/v2\/product_cat?post=63309"},{"taxonomy":"product_tag","embeddable":true,"href":"https:\/\/staging.nbg.eu\/no\/wp-json\/wp\/v2\/product_tag?post=63309"}],"curies":[{"name":"wp","href":"https:\/\/api.w.org\/{rel}","templated":true}]}}