{"id":63245,"date":"2024-01-23T19:51:36","date_gmt":"2024-09-16T13:03:15","guid":{"rendered":"https:\/\/staging.nbg.eu\/product\/iosso-sizing-lubricant-and-cleaner\/"},"modified":"2024-09-16T13:04:10","modified_gmt":"2024-09-16T13:04:10","slug":"iosso-storrelse-smoremiddel-og-rengjorer","status":"publish","type":"product","link":"https:\/\/staging.nbg.eu\/no\/produkt\/iosso-storrelse-smoremiddel-og-rengjorer\/","title":{"rendered":"Iosso St\u00f8rrelse Sm\u00f8remiddel og Rengj\u00f8rer"},"content":{"rendered":"<p>\nIosso Sizing Sm\u00f8remiddel og Rensemiddel: En biobasert l\u00f8sning for hylsesizing. Dette 4 oz produktet rengj\u00f8r og sm\u00f8rer, forhindrer fastkilte hylser og forlenger levetiden p\u00e5 verkt\u00f8y. Enkel \u00e5 bruke uten rester eller lukt. Vannl\u00f8selig, biologisk nedbrytbar og ikke-brennbar. Hemmer korrosjon og rust. P\u00e5f\u00f8r p\u00e5 hylser, siz, og t\u00f8rk av eller skyll f\u00f8r omlading.<\/p>\n","protected":false},"excerpt":{"rendered":"<p>Biobasert rengj\u00f8ringsmiddel og sm\u00f8remiddel for jevnere kalibrering og mer langvarige presser.<\/p>\n","protected":false},"featured_media":107665,"template":"","meta":{"_acf_changed":false},"product_brand":[11489],"product_cat":[13307,13306],"product_tag":[],"class_list":{"0":"post-63245","1":"product","2":"type-product","3":"status-publish","4":"has-post-thumbnail","6":"product_brand-iosso","7":"product_cat-omlading","8":"product_cat-rengjoringsmidler","10":"first","11":"instock","12":"taxable","13":"shipping-taxable","14":"purchasable","15":"product-type-variable","16":"wvs-archive-product-wrapper"},"acf":[],"_links":{"self":[{"href":"https:\/\/staging.nbg.eu\/no\/wp-json\/wp\/v2\/product\/63245","targetHints":{"allow":["GET"]}}],"collection":[{"href":"https:\/\/staging.nbg.eu\/no\/wp-json\/wp\/v2\/product"}],"about":[{"href":"https:\/\/staging.nbg.eu\/no\/wp-json\/wp\/v2\/types\/product"}],"wp:featuredmedia":[{"embeddable":true,"href":"https:\/\/staging.nbg.eu\/no\/wp-json\/wp\/v2\/media\/107665"}],"wp:attachment":[{"href":"https:\/\/staging.nbg.eu\/no\/wp-json\/wp\/v2\/media?parent=63245"}],"wp:term":[{"taxonomy":"product_brand","embeddable":true,"href":"https:\/\/staging.nbg.eu\/no\/wp-json\/wp\/v2\/product_brand?post=63245"},{"taxonomy":"product_cat","embeddable":true,"href":"https:\/\/staging.nbg.eu\/no\/wp-json\/wp\/v2\/product_cat?post=63245"},{"taxonomy":"product_tag","embeddable":true,"href":"https:\/\/staging.nbg.eu\/no\/wp-json\/wp\/v2\/product_tag?post=63245"}],"curies":[{"name":"wp","href":"https:\/\/api.w.org\/{rel}","templated":true}]}}