{"id":63173,"date":"2024-01-24T09:44:05","date_gmt":"2024-09-16T13:00:49","guid":{"rendered":"https:\/\/staging.nbg.eu\/product\/iosso-triple-action-oil-solution\/"},"modified":"2024-09-16T13:01:47","modified_gmt":"2024-09-16T13:01:47","slug":"iosso-trippel-action-olje-losning","status":"publish","type":"product","link":"https:\/\/staging.nbg.eu\/no\/produkt\/iosso-trippel-action-olje-losning\/","title":{"rendered":"Iosso Trippel Action Olje L\u00f8sning"},"content":{"rendered":"<p>\nIosso Triple Action oljel\u00f8sning: Rengj\u00f8r, sm\u00f8rer og beskytter skytev\u00e5pen med denne biologisk nedbrytbare formelen basert p\u00e5 planteoljer. Trenger inn for \u00e5 l\u00f8sne krutt, karbon og plasthylser. Fungerer som sm\u00f8remiddel for deler og rustbeskyttelse. Virker i ekstreme temperaturer ned til -65\u00b0C. Milj\u00f8vennlig og effektiv for l\u00f8prensing og v\u00e5penvedlikehold.<\/p>\n","protected":false},"excerpt":{"rendered":"<p>Milj\u00f8vennlig olje rengj\u00f8r, sm\u00f8rer og beskytter skytev\u00e5pen effektivt.<\/p>\n","protected":false},"featured_media":107619,"template":"","meta":{"_acf_changed":false},"product_brand":[11489],"product_cat":[13306,13280,13292],"product_tag":[],"class_list":{"0":"post-63173","1":"product","2":"type-product","3":"status-publish","4":"has-post-thumbnail","6":"product_brand-iosso","7":"product_cat-rengjoringsmidler","8":"product_cat-smoremidler","9":"product_cat-vapenrengjoring","11":"first","12":"instock","13":"taxable","14":"shipping-taxable","15":"purchasable","16":"product-type-variable","17":"wvs-archive-product-wrapper"},"acf":[],"_links":{"self":[{"href":"https:\/\/staging.nbg.eu\/no\/wp-json\/wp\/v2\/product\/63173","targetHints":{"allow":["GET"]}}],"collection":[{"href":"https:\/\/staging.nbg.eu\/no\/wp-json\/wp\/v2\/product"}],"about":[{"href":"https:\/\/staging.nbg.eu\/no\/wp-json\/wp\/v2\/types\/product"}],"wp:featuredmedia":[{"embeddable":true,"href":"https:\/\/staging.nbg.eu\/no\/wp-json\/wp\/v2\/media\/107619"}],"wp:attachment":[{"href":"https:\/\/staging.nbg.eu\/no\/wp-json\/wp\/v2\/media?parent=63173"}],"wp:term":[{"taxonomy":"product_brand","embeddable":true,"href":"https:\/\/staging.nbg.eu\/no\/wp-json\/wp\/v2\/product_brand?post=63173"},{"taxonomy":"product_cat","embeddable":true,"href":"https:\/\/staging.nbg.eu\/no\/wp-json\/wp\/v2\/product_cat?post=63173"},{"taxonomy":"product_tag","embeddable":true,"href":"https:\/\/staging.nbg.eu\/no\/wp-json\/wp\/v2\/product_tag?post=63173"}],"curies":[{"name":"wp","href":"https:\/\/api.w.org\/{rel}","templated":true}]}}