{"id":63103,"date":"2024-01-24T18:43:40","date_gmt":"2024-09-16T12:56:11","guid":{"rendered":"https:\/\/staging.nbg.eu\/product\/iosso-ar-bolt-carrier-key-tube-brush\/"},"modified":"2024-09-16T12:57:04","modified_gmt":"2024-09-16T12:57:04","slug":"iosso-ar-boltelasbaerer-nokkelror-borste","status":"publish","type":"product","link":"https:\/\/staging.nbg.eu\/no\/produkt\/iosso-ar-boltelasbaerer-nokkelror-borste\/","title":{"rendered":"Iosso AR Boltel\u00e5sb\u00e6rer N\u00f8kkelr\u00f8r B\u00f8rste"},"content":{"rendered":"<p>\nIosso AR boltb\u00e6rern\u00f8kkel r\u00f8rb\u00f8rste: Passer n\u00f8yaktig, fjerner karbonavleiringer. Bruk med Iosso olje. Etterlater ikke lo. Egnet for AR vedlikehold.<\/p>\n","protected":false},"excerpt":{"rendered":"<p>Iosso AR Boltl\u00e5serens N\u00f8kkelhulsb\u00f8rste: Rengj\u00f8r karbonoppbygging effektivt.<\/p>\n","protected":false},"featured_media":102289,"template":"","meta":{"_acf_changed":false},"product_brand":[11489],"product_cat":[13319,13292],"product_tag":[],"class_list":{"0":"post-63103","1":"product","2":"type-product","3":"status-publish","4":"has-post-thumbnail","6":"product_brand-iosso","7":"product_cat-borster","8":"product_cat-vapenrengjoring","10":"first","11":"instock","12":"taxable","13":"shipping-taxable","14":"purchasable","15":"product-type-simple"},"acf":[],"_links":{"self":[{"href":"https:\/\/staging.nbg.eu\/no\/wp-json\/wp\/v2\/product\/63103","targetHints":{"allow":["GET"]}}],"collection":[{"href":"https:\/\/staging.nbg.eu\/no\/wp-json\/wp\/v2\/product"}],"about":[{"href":"https:\/\/staging.nbg.eu\/no\/wp-json\/wp\/v2\/types\/product"}],"wp:featuredmedia":[{"embeddable":true,"href":"https:\/\/staging.nbg.eu\/no\/wp-json\/wp\/v2\/media\/102289"}],"wp:attachment":[{"href":"https:\/\/staging.nbg.eu\/no\/wp-json\/wp\/v2\/media?parent=63103"}],"wp:term":[{"taxonomy":"product_brand","embeddable":true,"href":"https:\/\/staging.nbg.eu\/no\/wp-json\/wp\/v2\/product_brand?post=63103"},{"taxonomy":"product_cat","embeddable":true,"href":"https:\/\/staging.nbg.eu\/no\/wp-json\/wp\/v2\/product_cat?post=63103"},{"taxonomy":"product_tag","embeddable":true,"href":"https:\/\/staging.nbg.eu\/no\/wp-json\/wp\/v2\/product_tag?post=63103"}],"curies":[{"name":"wp","href":"https:\/\/api.w.org\/{rel}","templated":true}]}}