{"id":63061,"date":"2024-01-24T18:50:37","date_gmt":"2024-01-24T18:50:37","guid":{"rendered":"https:\/\/staging.nbg.eu\/product\/iosso-cleaning-brush-2-sided-2-pk\/"},"modified":"2024-09-16T12:54:33","modified_gmt":"2024-09-16T12:54:33","slug":"iosso-rengjoringsborste-2-sidet-2pk","status":"publish","type":"product","link":"https:\/\/staging.nbg.eu\/no\/produkt\/iosso-rengjoringsborste-2-sidet-2pk\/","title":{"rendered":"Iosso Rengj\u00f8ringsb\u00f8rste 2 Sidet &#8211; 2\/pk."},"content":{"rendered":"<p>\nIosso rengj\u00f8ringsb\u00f8rste med 2 sider &#8211; 2 stk. har nylonb\u00f8rster for effektiv rengj\u00f8ring. Hver pakke inneholder to b\u00f8rster med en bred, lang side og en smal side. Kan brukes med Iosso Triple Action Oil, L\u00f8psrens eller Metallpolish. Egnet for fjerning av karbonavleiringer og kruttrester i skytev\u00e5pen eller industrielle anvendelser.<\/p>\n","protected":false},"excerpt":{"rendered":"<p>Tosidig nylonb\u00f8rste for allsidig rengj\u00f8ring. 2-pakning.<\/p>\n","protected":false},"featured_media":63062,"template":"","meta":{"_acf_changed":false},"product_brand":[11489],"product_cat":[13319,13292],"product_tag":[],"class_list":{"0":"post-63061","1":"product","2":"type-product","3":"status-publish","4":"has-post-thumbnail","6":"product_brand-iosso","7":"product_cat-borster","8":"product_cat-vapenrengjoring","10":"first","11":"instock","12":"taxable","13":"shipping-taxable","14":"purchasable","15":"product-type-simple"},"acf":[],"_links":{"self":[{"href":"https:\/\/staging.nbg.eu\/no\/wp-json\/wp\/v2\/product\/63061","targetHints":{"allow":["GET"]}}],"collection":[{"href":"https:\/\/staging.nbg.eu\/no\/wp-json\/wp\/v2\/product"}],"about":[{"href":"https:\/\/staging.nbg.eu\/no\/wp-json\/wp\/v2\/types\/product"}],"wp:featuredmedia":[{"embeddable":true,"href":"https:\/\/staging.nbg.eu\/no\/wp-json\/wp\/v2\/media\/63062"}],"wp:attachment":[{"href":"https:\/\/staging.nbg.eu\/no\/wp-json\/wp\/v2\/media?parent=63061"}],"wp:term":[{"taxonomy":"product_brand","embeddable":true,"href":"https:\/\/staging.nbg.eu\/no\/wp-json\/wp\/v2\/product_brand?post=63061"},{"taxonomy":"product_cat","embeddable":true,"href":"https:\/\/staging.nbg.eu\/no\/wp-json\/wp\/v2\/product_cat?post=63061"},{"taxonomy":"product_tag","embeddable":true,"href":"https:\/\/staging.nbg.eu\/no\/wp-json\/wp\/v2\/product_tag?post=63061"}],"curies":[{"name":"wp","href":"https:\/\/api.w.org\/{rel}","templated":true}]}}