{"id":63019,"date":"2024-01-25T20:06:46","date_gmt":"2024-09-16T12:23:23","guid":{"rendered":"https:\/\/staging.nbg.eu\/product\/iosso-ar-rifle-gas-tube-cleaning-kit\/"},"modified":"2024-09-16T12:24:15","modified_gmt":"2024-09-16T12:24:15","slug":"iosso-ar-rifle-gassror-rengjoringssett","status":"publish","type":"product","link":"https:\/\/staging.nbg.eu\/no\/produkt\/iosso-ar-rifle-gassror-rengjoringssett\/","title":{"rendered":"Iosso AR Rifle Gassr\u00f8r Rengj\u00f8ringssett"},"content":{"rendered":"<p>\nIosso AR Rifle gassr\u00f8r-rengj\u00f8ringssett tilbyr en l\u00f8sning for vedlikehold av din AR-rifle. Dette settet inkluderer:<\/p>\n<ul>\n<li>To spesialiserte gassr\u00f8r-b\u00f8rster<\/li>\n<li>Klar f\u00f8ringsr\u00f8r<\/li>\n<li>Iosso Triple Action Olje<\/li>\n<\/ul>\n<p>Rengj\u00f8r gassr\u00f8ret uten demontering, noe som sikrer riktig bolt-sykling og forhindrer karbonoppbygging. Dette rengj\u00f8ringssystemet sparer tid og innsats.<\/p>\n","protected":false},"excerpt":{"rendered":"<p>Effektiv AR-gassr\u00f8r-renser \u2013 ingen demontering n\u00f8dvendig.<\/p>\n","protected":false},"featured_media":102327,"template":"","meta":{"_acf_changed":false},"product_brand":[11489],"product_cat":[13319,13292],"product_tag":[],"class_list":{"0":"post-63019","1":"product","2":"type-product","3":"status-publish","4":"has-post-thumbnail","6":"product_brand-iosso","7":"product_cat-borster","8":"product_cat-vapenrengjoring","10":"first","11":"instock","12":"taxable","13":"shipping-taxable","14":"purchasable","15":"product-type-simple"},"acf":[],"_links":{"self":[{"href":"https:\/\/staging.nbg.eu\/no\/wp-json\/wp\/v2\/product\/63019","targetHints":{"allow":["GET"]}}],"collection":[{"href":"https:\/\/staging.nbg.eu\/no\/wp-json\/wp\/v2\/product"}],"about":[{"href":"https:\/\/staging.nbg.eu\/no\/wp-json\/wp\/v2\/types\/product"}],"wp:featuredmedia":[{"embeddable":true,"href":"https:\/\/staging.nbg.eu\/no\/wp-json\/wp\/v2\/media\/102327"}],"wp:attachment":[{"href":"https:\/\/staging.nbg.eu\/no\/wp-json\/wp\/v2\/media?parent=63019"}],"wp:term":[{"taxonomy":"product_brand","embeddable":true,"href":"https:\/\/staging.nbg.eu\/no\/wp-json\/wp\/v2\/product_brand?post=63019"},{"taxonomy":"product_cat","embeddable":true,"href":"https:\/\/staging.nbg.eu\/no\/wp-json\/wp\/v2\/product_cat?post=63019"},{"taxonomy":"product_tag","embeddable":true,"href":"https:\/\/staging.nbg.eu\/no\/wp-json\/wp\/v2\/product_tag?post=63019"}],"curies":[{"name":"wp","href":"https:\/\/api.w.org\/{rel}","templated":true}]}}