{"id":62945,"date":"2024-01-25T20:19:03","date_gmt":"2024-09-16T12:21:24","guid":{"rendered":"https:\/\/staging.nbg.eu\/product\/iosso-chamber-brushes-2-pack\/"},"modified":"2024-09-16T12:22:23","modified_gmt":"2024-09-16T12:22:23","slug":"iosso-kammerborster-2-pakke","status":"publish","type":"product","link":"https:\/\/staging.nbg.eu\/no\/produkt\/iosso-kammerborster-2-pakke\/","title":{"rendered":"Iosso Kammerb\u00f8rster 2 Pakke"},"content":{"rendered":"<p style=\"text-align: center\"><strong><span style=\"font-size: 170%\">Iosso kammerb\u00f8rster (2 pakker)<\/span><\/strong><\/p>\n<p>Den f\u00f8rste b\u00f8rsten for rengj\u00f8ring av 6.5 Creedmoor-kammeret. De er dimensjonert med tette toleranser for presis rengj\u00f8ring. Laget av bl\u00e5 fiber, som er tykk, stiv og beholder formen godt i motsetning til tradisjonelle messing- og bronseb\u00f8rster. De kan brukes flere ganger f\u00f8r de blir slitt. Pakken inneholder 2 b\u00f8rster. Anbefalte rengj\u00f8ringsmidler for bruk med denne b\u00f8rsten er Iosso Bore Cleaner og Iosso Triple Action Oil. <strong>De bl\u00e5 b\u00f8rstene er et varemerke for Iosso Products.<\/strong><\/p>\n<table width=\"305\">\n<tbody>\n<tr>\n<td width=\"305\"><strong>AR-15 kammerb\u00f8rste med stift, 2-pakning<\/strong><\/td>\n<\/tr>\n<tr>\n<td><strong>Grendel AR-15 6.5 kammerb\u00f8rste, 2-pakning<\/strong><\/td>\n<\/tr>\n<tr>\n<td><strong>Creedmoor 6.5 kammerb\u00f8rste, 2-pakning<\/strong><\/td>\n<\/tr>\n<tr>\n<td><strong>AR.308 rifle kammerb\u00f8rste med stift, 2-pakning<\/strong><\/td>\n<\/tr>\n<\/tbody>\n<\/table>\n","protected":false},"excerpt":{"rendered":"<p><strong>F\u00f8rste b\u00f8rste for \u00e5 rengj\u00f8re 6.5 Creedmoor-kammeret<\/strong><\/p>\n","protected":false},"featured_media":107688,"template":"","meta":{"_acf_changed":false},"product_brand":[11489],"product_cat":[13319,13292],"product_tag":[],"class_list":{"0":"post-62945","1":"product","2":"type-product","3":"status-publish","4":"has-post-thumbnail","6":"product_brand-iosso","7":"product_cat-borster","8":"product_cat-vapenrengjoring","9":"pa_model-6-5-creedmoor-no","10":"pa_model-6-5-grendel-no","11":"pa_model-ar-308-no","12":"pa_model-ar-15-no","14":"first","15":"instock","16":"taxable","17":"shipping-taxable","18":"purchasable","19":"product-type-variable","20":"wvs-archive-product-wrapper"},"acf":[],"_links":{"self":[{"href":"https:\/\/staging.nbg.eu\/no\/wp-json\/wp\/v2\/product\/62945","targetHints":{"allow":["GET"]}}],"collection":[{"href":"https:\/\/staging.nbg.eu\/no\/wp-json\/wp\/v2\/product"}],"about":[{"href":"https:\/\/staging.nbg.eu\/no\/wp-json\/wp\/v2\/types\/product"}],"wp:featuredmedia":[{"embeddable":true,"href":"https:\/\/staging.nbg.eu\/no\/wp-json\/wp\/v2\/media\/107688"}],"wp:attachment":[{"href":"https:\/\/staging.nbg.eu\/no\/wp-json\/wp\/v2\/media?parent=62945"}],"wp:term":[{"taxonomy":"product_brand","embeddable":true,"href":"https:\/\/staging.nbg.eu\/no\/wp-json\/wp\/v2\/product_brand?post=62945"},{"taxonomy":"product_cat","embeddable":true,"href":"https:\/\/staging.nbg.eu\/no\/wp-json\/wp\/v2\/product_cat?post=62945"},{"taxonomy":"product_tag","embeddable":true,"href":"https:\/\/staging.nbg.eu\/no\/wp-json\/wp\/v2\/product_tag?post=62945"}],"curies":[{"name":"wp","href":"https:\/\/api.w.org\/{rel}","templated":true}]}}