{"id":62789,"date":"2024-02-02T19:09:40","date_gmt":"2024-09-16T12:02:05","guid":{"rendered":"https:\/\/staging.nbg.eu\/product\/geissele-chf-chrome-lined-barrel-5-56-11-5\/"},"modified":"2024-09-16T12:03:03","modified_gmt":"2024-09-16T12:03:03","slug":"geissele-chf-kromforet-lop-556-115","status":"publish","type":"product","link":"https:\/\/staging.nbg.eu\/no\/produkt\/geissele-chf-kromforet-lop-556-115\/","title":{"rendered":"Geissele CHF, Kromforet L\u00f8p, 5.56 &#8211; 11.5&#8243;"},"content":{"rendered":"<div class=\"product-description\">\n<h2>Geissele CHF Kromet L\u00f8p &#8211; 5,56<\/h2>\n<p>Geissele CHF Kromet L\u00f8p i 5,56 NATO er produsert i North Wales, PA. Dette l\u00f8pet kombinerer moderne teknologi med h\u00e5ndverk.<\/p>\n<ul>\n<li>Kaldhammersmidde (CHF) for \u00f8kt styrke og levetid<\/li>\n<li>Kromet for \u00f8kt korrosjonsbestandighet og enklere rengj\u00f8ring<\/li>\n<li>H\u00f8ytrykktestet (HPT) og magnetpartikkelinspektert (MPI) for kvalitetssikring<\/li>\n<li>Egnet for tjenestev\u00e5pen, konkurransev\u00e5pen og andre bruksomr\u00e5der<\/li>\n<li>Maskinert med materialer av h\u00f8y kvalitet for konsistens og n\u00f8yaktighet<\/li>\n<\/ul>\n<p>Velg Geissele for ytelse i alle situasjoner.<\/p>\n<\/div>\n","protected":false},"excerpt":{"rendered":"<p>Presisjonssmidd 5,56 l\u00f8p. HPT\/MPI-testet for p\u00e5litelighet.<\/p>\n","protected":false},"featured_media":62790,"template":"","meta":{"_acf_changed":false},"product_brand":[11384],"product_cat":[13308,13285,13311,13260],"product_tag":[],"class_list":{"0":"post-62789","1":"product","2":"type-product","3":"status-publish","4":"has-post-thumbnail","6":"product_brand-geissele","7":"product_cat-karabiner","8":"product_cat-lop","9":"product_cat-rifle","10":"product_cat-rifle-tuning","12":"first","13":"instock","14":"taxable","15":"shipping-taxable","16":"product-type-simple"},"acf":[],"_links":{"self":[{"href":"https:\/\/staging.nbg.eu\/no\/wp-json\/wp\/v2\/product\/62789","targetHints":{"allow":["GET"]}}],"collection":[{"href":"https:\/\/staging.nbg.eu\/no\/wp-json\/wp\/v2\/product"}],"about":[{"href":"https:\/\/staging.nbg.eu\/no\/wp-json\/wp\/v2\/types\/product"}],"wp:featuredmedia":[{"embeddable":true,"href":"https:\/\/staging.nbg.eu\/no\/wp-json\/wp\/v2\/media\/62790"}],"wp:attachment":[{"href":"https:\/\/staging.nbg.eu\/no\/wp-json\/wp\/v2\/media?parent=62789"}],"wp:term":[{"taxonomy":"product_brand","embeddable":true,"href":"https:\/\/staging.nbg.eu\/no\/wp-json\/wp\/v2\/product_brand?post=62789"},{"taxonomy":"product_cat","embeddable":true,"href":"https:\/\/staging.nbg.eu\/no\/wp-json\/wp\/v2\/product_cat?post=62789"},{"taxonomy":"product_tag","embeddable":true,"href":"https:\/\/staging.nbg.eu\/no\/wp-json\/wp\/v2\/product_tag?post=62789"}],"curies":[{"name":"wp","href":"https:\/\/api.w.org\/{rel}","templated":true}]}}