{"id":62543,"date":"2024-02-13T19:59:19","date_gmt":"2024-09-16T11:57:22","guid":{"rendered":"https:\/\/staging.nbg.eu\/product\/geissele-chf-chrome-lined-barrel-5-56-12-5\/"},"modified":"2024-09-16T11:58:21","modified_gmt":"2024-09-16T11:58:21","slug":"geissele-chf-kromforet-lop-556-125","status":"publish","type":"product","link":"https:\/\/staging.nbg.eu\/no\/produkt\/geissele-chf-kromforet-lop-556-125\/","title":{"rendered":"Geissele CHF, Kromforet L\u00f8p, 5.56 &#8211; 12.5&#8243;"},"content":{"rendered":"<div class=\"product-description\">\n<h2>Geissele CHF kromforet l\u00f8p &#8211; 5,56<\/h2>\n<p>Geissele CHF kromforet l\u00f8p i 5,56 NATO er produsert i North Wales, PA. Dette l\u00f8pet kombinerer teknologi med h\u00e5ndverk.<\/p>\n<ul>\n<li>Kaldhamret (CHF) for \u00f8kt styrke og levetid<\/li>\n<li>Kromforet for \u00f8kt korrosjonsbestandighet og enklere rengj\u00f8ring<\/li>\n<li>H\u00f8ytrykkstestet (HPT) og magnetpartikkelinspisert (MPI) for kvalitetssikring<\/li>\n<li>Egnet for tjenestev\u00e5pen, konkurransev\u00e5pen og andre bruksomr\u00e5der<\/li>\n<li>Presisjonsprodusert med materialer for konsistens og n\u00f8yaktighet<\/li>\n<\/ul>\n<p>Velg Geissele for ytelse i alle situasjoner.<\/p>\n<\/div>\n","protected":false},"excerpt":{"rendered":"<p>Presisjonssmidde 5,56 l\u00f8p. HPT\/MPI-testet for p\u00e5litelighet.<\/p>\n","protected":false},"featured_media":62544,"template":"","meta":{"_acf_changed":false},"product_brand":[11384],"product_cat":[13308,13285,13311,13260],"product_tag":[],"class_list":{"0":"post-62543","1":"product","2":"type-product","3":"status-publish","4":"has-post-thumbnail","6":"product_brand-geissele","7":"product_cat-karabiner","8":"product_cat-lop","9":"product_cat-rifle","10":"product_cat-rifle-tuning","12":"first","13":"instock","14":"taxable","15":"shipping-taxable","16":"product-type-simple"},"acf":[],"_links":{"self":[{"href":"https:\/\/staging.nbg.eu\/no\/wp-json\/wp\/v2\/product\/62543","targetHints":{"allow":["GET"]}}],"collection":[{"href":"https:\/\/staging.nbg.eu\/no\/wp-json\/wp\/v2\/product"}],"about":[{"href":"https:\/\/staging.nbg.eu\/no\/wp-json\/wp\/v2\/types\/product"}],"wp:featuredmedia":[{"embeddable":true,"href":"https:\/\/staging.nbg.eu\/no\/wp-json\/wp\/v2\/media\/62544"}],"wp:attachment":[{"href":"https:\/\/staging.nbg.eu\/no\/wp-json\/wp\/v2\/media?parent=62543"}],"wp:term":[{"taxonomy":"product_brand","embeddable":true,"href":"https:\/\/staging.nbg.eu\/no\/wp-json\/wp\/v2\/product_brand?post=62543"},{"taxonomy":"product_cat","embeddable":true,"href":"https:\/\/staging.nbg.eu\/no\/wp-json\/wp\/v2\/product_cat?post=62543"},{"taxonomy":"product_tag","embeddable":true,"href":"https:\/\/staging.nbg.eu\/no\/wp-json\/wp\/v2\/product_tag?post=62543"}],"curies":[{"name":"wp","href":"https:\/\/api.w.org\/{rel}","templated":true}]}}