{"id":62386,"date":"2024-02-14T06:58:29","date_gmt":"2024-09-16T11:50:08","guid":{"rendered":"https:\/\/staging.nbg.eu\/product\/geissele-super-mcx-ssa-m4-curved-trigger\/"},"modified":"2024-09-16T11:51:02","modified_gmt":"2024-09-16T11:51:02","slug":"geissele-super-mcx-ssa-m4-buet-avtrekker","status":"publish","type":"product","link":"https:\/\/staging.nbg.eu\/no\/produkt\/geissele-super-mcx-ssa-m4-buet-avtrekker\/","title":{"rendered":"Geissele Super MCX SSA &#8211; M4 Buet Avtrekker"},"content":{"rendered":"<div class=\"product-description\">\n<h2>Geissele Super MCX SSA &#8211; M4 Buet Avtrekker<\/h2>\n<p>Geissele Super MCX SSA er en totrinns avtrekker. Den er basert p\u00e5 v\u00e5r CRANE sikkerhetssertifiserte M4 karabin-avtrekker. Denne ikke-justerbare avtrekkeren p\u00e5 ca. 4,5 pund tilbyr:<\/p>\n<ul>\n<li>Presis avtrekkerkontroll<\/li>\n<li>Lett nok for presisjonsbruk<\/li>\n<li>Egnet for krevende situasjoner som n\u00e6rkamp<\/li>\n<li>Passende for jakt, politiarbeid og milit\u00e6rt bruk<\/li>\n<\/ul>\n<p>Super MCX SSA kombinerer ytelse, p\u00e5litelighet, sikkerhet og allsidighet, noe som gj\u00f8r den til en allsidig avtrekker for ditt skytev\u00e5pen.<\/p>\n<\/div>\n","protected":false},"excerpt":{"rendered":"<p>H\u00f8yytelses 2-trinns avtrekker for presisjon og n\u00e6rkamp. 2 kg avtrekksvekt.<\/p>\n","protected":false},"featured_media":62387,"template":"","meta":{"_acf_changed":false},"product_brand":[11384],"product_cat":[13248,13311,13260],"product_tag":[],"class_list":{"0":"post-62386","1":"product","2":"type-product","3":"status-publish","4":"has-post-thumbnail","6":"product_brand-geissele","7":"product_cat-avtrekkere","8":"product_cat-rifle","9":"product_cat-rifle-tuning","11":"first","12":"instock","13":"taxable","14":"shipping-taxable","15":"product-type-simple"},"acf":[],"_links":{"self":[{"href":"https:\/\/staging.nbg.eu\/no\/wp-json\/wp\/v2\/product\/62386","targetHints":{"allow":["GET"]}}],"collection":[{"href":"https:\/\/staging.nbg.eu\/no\/wp-json\/wp\/v2\/product"}],"about":[{"href":"https:\/\/staging.nbg.eu\/no\/wp-json\/wp\/v2\/types\/product"}],"wp:featuredmedia":[{"embeddable":true,"href":"https:\/\/staging.nbg.eu\/no\/wp-json\/wp\/v2\/media\/62387"}],"wp:attachment":[{"href":"https:\/\/staging.nbg.eu\/no\/wp-json\/wp\/v2\/media?parent=62386"}],"wp:term":[{"taxonomy":"product_brand","embeddable":true,"href":"https:\/\/staging.nbg.eu\/no\/wp-json\/wp\/v2\/product_brand?post=62386"},{"taxonomy":"product_cat","embeddable":true,"href":"https:\/\/staging.nbg.eu\/no\/wp-json\/wp\/v2\/product_cat?post=62386"},{"taxonomy":"product_tag","embeddable":true,"href":"https:\/\/staging.nbg.eu\/no\/wp-json\/wp\/v2\/product_tag?post=62386"}],"curies":[{"name":"wp","href":"https:\/\/api.w.org\/{rel}","templated":true}]}}