{"id":62339,"date":"2024-02-14T07:09:17","date_gmt":"2024-09-16T11:47:31","guid":{"rendered":"https:\/\/staging.nbg.eu\/product\/geissele-super-semi-automatic-ssa-trigger\/"},"modified":"2024-09-16T11:48:25","modified_gmt":"2024-09-16T11:48:25","slug":"geissele-super-semi-automatisk-ssa-avtrekker","status":"publish","type":"product","link":"https:\/\/staging.nbg.eu\/no\/produkt\/geissele-super-semi-automatisk-ssa-avtrekker\/","title":{"rendered":"Geissele Super Semi-Automatisk (SSA\u00ae) Avtrekker"},"content":{"rendered":"<h2>Geissele Semi-Automatisk (SSA\u00ae) Avtrekker<\/h2>\n<p>Geissele SSA\u00ae avtrekker er en semi-automatisk tilpasning av Super Select-Fire avtrekkeren. Denne ikke-justerbare, to-trinns avtrekkeren tilbyr:<\/p>\n<ul>\n<li>N\u00f8yaktighet for presise skudd<\/li>\n<li>Allsidighet for n\u00e6rkamp<\/li>\n<li>Sikkerhetssertifisering fra Crane Naval Surface Warfare Center<\/li>\n<li>Egnet for politi og dynamiske milj\u00f8er<\/li>\n<\/ul>\n<p>SSA\u00ae&#8217;s design gir lett ber\u00f8ring for langtrekkende n\u00f8yaktighet, samtidig som den opprettholder tilgivelse n\u00f8dvendig for hurtigskytingssituasjoner. Enten du er engasjert i mellomdistanse karabinarbeid eller opererer i h\u00f8ystress-scenarier, leverer Geissele SSA\u00ae avtrekkeren konsistent ytelse.<\/p>\n<p>Forbedre skytev\u00e5penets egenskaper med dette avtrekkersystemet.<\/p>\n","protected":false},"excerpt":{"rendered":"<p>Presisjons totrinns avtrekker for allsidig og n\u00f8yaktig skyting.<\/p>\n","protected":false},"featured_media":62261,"template":"","meta":{"_acf_changed":false},"product_brand":[11384],"product_cat":[13248,13311,13260],"product_tag":[],"class_list":{"0":"post-62339","1":"product","2":"type-product","3":"status-publish","4":"has-post-thumbnail","6":"product_brand-geissele","7":"product_cat-avtrekkere","8":"product_cat-rifle","9":"product_cat-rifle-tuning","11":"first","12":"instock","13":"taxable","14":"shipping-taxable","15":"product-type-simple"},"acf":[],"_links":{"self":[{"href":"https:\/\/staging.nbg.eu\/no\/wp-json\/wp\/v2\/product\/62339","targetHints":{"allow":["GET"]}}],"collection":[{"href":"https:\/\/staging.nbg.eu\/no\/wp-json\/wp\/v2\/product"}],"about":[{"href":"https:\/\/staging.nbg.eu\/no\/wp-json\/wp\/v2\/types\/product"}],"wp:featuredmedia":[{"embeddable":true,"href":"https:\/\/staging.nbg.eu\/no\/wp-json\/wp\/v2\/media\/62261"}],"wp:attachment":[{"href":"https:\/\/staging.nbg.eu\/no\/wp-json\/wp\/v2\/media?parent=62339"}],"wp:term":[{"taxonomy":"product_brand","embeddable":true,"href":"https:\/\/staging.nbg.eu\/no\/wp-json\/wp\/v2\/product_brand?post=62339"},{"taxonomy":"product_cat","embeddable":true,"href":"https:\/\/staging.nbg.eu\/no\/wp-json\/wp\/v2\/product_cat?post=62339"},{"taxonomy":"product_tag","embeddable":true,"href":"https:\/\/staging.nbg.eu\/no\/wp-json\/wp\/v2\/product_tag?post=62339"}],"curies":[{"name":"wp","href":"https:\/\/api.w.org\/{rel}","templated":true}]}}