{"id":62260,"date":"2024-02-14T07:22:04","date_gmt":"2024-02-14T07:22:04","guid":{"rendered":"https:\/\/staging.nbg.eu\/product\/geissele-super-semi-automatic-enhanced-ssa-e-trigger\/"},"modified":"2024-09-16T11:45:16","modified_gmt":"2024-09-16T11:45:16","slug":"geissele-super-semi-automatisk-enhanced-ssa-e-avtrekker","status":"publish","type":"product","link":"https:\/\/staging.nbg.eu\/no\/produkt\/geissele-super-semi-automatisk-enhanced-ssa-e-avtrekker\/","title":{"rendered":"Geissele Super Semi-Automatisk Enhanced (SSA-E\u2122) Avtrekker"},"content":{"rendered":"<div class=\"product-description\">\n<h2>Geissele Super Semi-Automatisk Forbedret (SSA-E\u2122) Avtrekker<\/h2>\n<p>Geissele SSA-E\u2122 avtrekkeren er basert p\u00e5 SSA\u00ae modellen. Denne to-trinns avtrekkeren tilbyr:<\/p>\n<ul>\n<li>Redusert avtrekksvekt<\/li>\n<li>Lett f\u00f8rste trinn<\/li>\n<li>Tydelig andre trinn<\/li>\n<li>P\u00e5litelighet testet i kamp<\/li>\n<li>Ikke-justerbar drop-in design<\/li>\n<\/ul>\n<p>SSA-E\u2122 er egnet for presisjonsskytterrifler. Den gir bedre avtrekkskontroll og v\u00e5penn\u00f8yaktighet. Utviklet fra v\u00e5r helautomatiske kampavtrekker brukt av amerikanske spesialstyrker, sikrer denne halvautomatiske versjonen ytelse i situasjoner hvor p\u00e5litelighet er avgj\u00f8rende.<\/p>\n<\/div>\n","protected":false},"excerpt":{"rendered":"<p>Forbedret presisjonsavtrekker for skyttere: jevnt opptak, skarpt brudd.<\/p>\n","protected":false},"featured_media":62261,"template":"","meta":{"_acf_changed":false},"product_brand":[11384],"product_cat":[13248,13311,13260],"product_tag":[],"class_list":{"0":"post-62260","1":"product","2":"type-product","3":"status-publish","4":"has-post-thumbnail","6":"product_brand-geissele","7":"product_cat-avtrekkere","8":"product_cat-rifle","9":"product_cat-rifle-tuning","11":"first","12":"instock","13":"taxable","14":"shipping-taxable","15":"product-type-simple"},"acf":[],"_links":{"self":[{"href":"https:\/\/staging.nbg.eu\/no\/wp-json\/wp\/v2\/product\/62260","targetHints":{"allow":["GET"]}}],"collection":[{"href":"https:\/\/staging.nbg.eu\/no\/wp-json\/wp\/v2\/product"}],"about":[{"href":"https:\/\/staging.nbg.eu\/no\/wp-json\/wp\/v2\/types\/product"}],"wp:featuredmedia":[{"embeddable":true,"href":"https:\/\/staging.nbg.eu\/no\/wp-json\/wp\/v2\/media\/62261"}],"wp:attachment":[{"href":"https:\/\/staging.nbg.eu\/no\/wp-json\/wp\/v2\/media?parent=62260"}],"wp:term":[{"taxonomy":"product_brand","embeddable":true,"href":"https:\/\/staging.nbg.eu\/no\/wp-json\/wp\/v2\/product_brand?post=62260"},{"taxonomy":"product_cat","embeddable":true,"href":"https:\/\/staging.nbg.eu\/no\/wp-json\/wp\/v2\/product_cat?post=62260"},{"taxonomy":"product_tag","embeddable":true,"href":"https:\/\/staging.nbg.eu\/no\/wp-json\/wp\/v2\/product_tag?post=62260"}],"curies":[{"name":"wp","href":"https:\/\/api.w.org\/{rel}","templated":true}]}}