{"id":61929,"date":"2024-02-14T11:24:38","date_gmt":"2024-09-16T11:18:35","guid":{"rendered":"https:\/\/staging.nbg.eu\/product\/geissele-super-dynamic-3-gun-sd-3g-trigger\/"},"modified":"2024-09-16T11:19:29","modified_gmt":"2024-09-16T11:19:29","slug":"geissele-super-dynamic-3-gun-sd-3g-avtrekker","status":"publish","type":"product","link":"https:\/\/staging.nbg.eu\/no\/produkt\/geissele-super-dynamic-3-gun-sd-3g-avtrekker\/","title":{"rendered":"Geissele Super Dynamic 3 Gun (SD-3G) Avtrekker"},"content":{"rendered":"<div class=\"product-description\">\n<h2>Geissele Super Dynamic 3 Gun (SD-3G) Avtrekker<\/h2>\n<p>SD-3G avtrekkeren har f\u00f8lgende egenskaper:<\/p>\n<ul>\n<li>Flat avtrekkerbue for redusert oppfattet trekkevekt<\/li>\n<li>Hybrid design som kombinerer enkeltsteg og tostegs avtrekkeregenskaper<\/li>\n<li>Forkortet trekklengde og rask tilbakestilling<\/li>\n<li>Forbedret taktil tilbakemelding for \u00f8kt operat\u00f8rkontroll<\/li>\n<li>Egnet for 3 Gun konkurranseskyting<\/li>\n<\/ul>\n<p>Passer for n\u00e6rfeltkonkurranser som krever rask m\u00e5lengasjement og hurtige oppf\u00f8lgingsskudd. Ikke anbefalt for tjenestebuk, benkeskyting eller presisjonsskyting.<\/p>\n<p><strong>Merk:<\/strong> SD-3G gir h\u00f8y hastighet samtidig som den opprettholder sikkerheten og robustheten til en tostegs kampavtrekker.<\/p>\n<\/div>\n","protected":false},"excerpt":{"rendered":"<p>Flat-bue 3-v\u00e5pen avtrekker: ultraraskt, kort avtrekk, hurtig tilbakestilling.<\/p>\n","protected":false},"featured_media":61930,"template":"","meta":{"_acf_changed":false},"product_brand":[11384],"product_cat":[13248,13311,13260],"product_tag":[],"class_list":{"0":"post-61929","1":"product","2":"type-product","3":"status-publish","4":"has-post-thumbnail","6":"product_brand-geissele","7":"product_cat-avtrekkere","8":"product_cat-rifle","9":"product_cat-rifle-tuning","11":"first","12":"outofstock","13":"taxable","14":"shipping-taxable","15":"product-type-simple"},"acf":[],"_links":{"self":[{"href":"https:\/\/staging.nbg.eu\/no\/wp-json\/wp\/v2\/product\/61929","targetHints":{"allow":["GET"]}}],"collection":[{"href":"https:\/\/staging.nbg.eu\/no\/wp-json\/wp\/v2\/product"}],"about":[{"href":"https:\/\/staging.nbg.eu\/no\/wp-json\/wp\/v2\/types\/product"}],"wp:featuredmedia":[{"embeddable":true,"href":"https:\/\/staging.nbg.eu\/no\/wp-json\/wp\/v2\/media\/61930"}],"wp:attachment":[{"href":"https:\/\/staging.nbg.eu\/no\/wp-json\/wp\/v2\/media?parent=61929"}],"wp:term":[{"taxonomy":"product_brand","embeddable":true,"href":"https:\/\/staging.nbg.eu\/no\/wp-json\/wp\/v2\/product_brand?post=61929"},{"taxonomy":"product_cat","embeddable":true,"href":"https:\/\/staging.nbg.eu\/no\/wp-json\/wp\/v2\/product_cat?post=61929"},{"taxonomy":"product_tag","embeddable":true,"href":"https:\/\/staging.nbg.eu\/no\/wp-json\/wp\/v2\/product_tag?post=61929"}],"curies":[{"name":"wp","href":"https:\/\/api.w.org\/{rel}","templated":true}]}}