{"id":61735,"date":"2024-02-14T19:58:42","date_gmt":"2024-09-16T11:07:50","guid":{"rendered":"https:\/\/staging.nbg.eu\/product\/geissele-10-5-super-modular-rail-mk16-m-lok\/"},"modified":"2024-09-16T11:08:48","modified_gmt":"2024-09-16T11:08:48","slug":"geissele-105-super-modulaer-skinne-mk16-m-lok","status":"publish","type":"product","link":"https:\/\/staging.nbg.eu\/no\/produkt\/geissele-105-super-modulaer-skinne-mk16-m-lok\/","title":{"rendered":"Geissele 10.5&#8243; Super Modul\u00e6r Skinne MK16 M-LOK\u00ae"},"content":{"rendered":"<h2 style=\"text-align: center\"><b>10.5\u2033 Super Modul\u00e6r Skinne MK16 M-LOK\u00ae<\/b><\/h2>\n<p>Geissele Super Modul\u00e6r Skinne MK16 monteres p\u00e5 AR-15 \u00f8vre mottaker ved hjelp av en oppdatert versjon av Geissele l\u00f8psmutt-design. MK16 er enkel \u00e5 installere og vedlikeholde, og gir god stivhet. Anti-rotasjonstapper og settskruer sikrer at skinnen ikke roterer under bruk. <b>M1913 picatinny-skinne p\u00e5 toppen og M-LOK\u2122<\/b> spor p\u00e5 alle sider muliggj\u00f8r tilpasning for tilbeh\u00f8r. Geissele SMR MK16 er maskinert av <b>7000-serie aluminium<\/b> og har Type-3 hardcoat anodisert overflate.<\/p>\n<p>Super Modul\u00e6r Skinne 13.5&#8243; (SMR) MK16 M-LOK\u00ae, NSN# 1005-01-672-4794 (13.5&#8243;), <b>er blitt adoptert av USASOC for URG-I-programmet (Upper Receiver Group Improved)<\/b>.<\/p>\n<p>&nbsp;<\/p>\n<h2 style=\"text-align: center\"><strong>SPESIFIKASJONER<\/strong><\/h2>\n<hr \/>\n<table border=\"1\">\n<tbody>\n<tr>\n<td><strong>H\u00d8YDE: <\/strong><\/td>\n<td> 2.39&#8243;<\/td>\n<\/tr>\n<tr>\n<td><strong>FARGE: <\/strong><\/td>\n<td> Svart, DDC, Gr\u00e5, ODG<\/td>\n<\/tr>\n<tr>\n<td><strong>MATERIALE: <\/strong><\/td>\n<td> 7000-serie aluminium<\/td>\n<\/tr>\n<tr>\n<td><strong>OVERFLATEBEHANDLING: <\/strong><\/td>\n<td> Type 3 Hardcoat Anodisering<\/td>\n<\/tr>\n<tr>\n<td><strong>TILGJENGELIGE LENGDER: <\/strong><\/td>\n<td> 9.3&#8243;, 10.5&#8243;, 13.5&#8243;, 15&#8243;<\/td>\n<\/tr>\n<tr>\n<td><strong>INDRE DIAMETER: <\/strong><\/td>\n<td> 1.26&#8243;<\/td>\n<\/tr>\n<tr>\n<td><strong>YTRE DIAMETER (DAQ*): <\/strong><\/td>\n<td> 1.59&#8243;<\/td>\n<\/tr>\n<tr>\n<td><strong>SMR MK16 9.3&#8243; VEKT: <\/strong><\/td>\n<td> 10.1oz (11.74oz m\/ l\u00f8psmutt)<\/td>\n<\/tr>\n<tr>\n<td><strong>SMR MK16 10.5&#8243; VEKT: <\/strong><\/td>\n<td> 11oz (12.6oz m\/ l\u00f8psmutt)<\/td>\n<\/tr>\n<tr>\n<td><strong>SMR MK16 13.5&#8243; VEKT: <\/strong><\/td>\n<td> 13.4oz (14.9oz m\/ l\u00f8psmutt)<\/td>\n<\/tr>\n<tr>\n<td><strong>SMR MK16 15&#8243; VEKT: <\/strong><\/td>\n<td> 14.2oz (15.8oz m\/ l\u00f8psmutt)<\/td>\n<\/tr>\n<\/tbody>\n<\/table>\n<p><em>*DAQ &#8211; Distanse Mellom Kvadranter<\/em><\/p>\n","protected":false},"excerpt":{"rendered":"<p><strong>Uovertruffen ytelse for de mest krevende skytterne<\/strong><\/p>\n","protected":false},"featured_media":61736,"template":"","meta":{"_acf_changed":false},"product_brand":[11384],"product_cat":[13308,13311,13260,13259],"product_tag":[],"class_list":{"0":"post-61735","1":"product","2":"type-product","3":"status-publish","4":"has-post-thumbnail","6":"product_brand-geissele","7":"product_cat-karabiner","8":"product_cat-rifle","9":"product_cat-rifle-tuning","10":"product_cat-skinner","12":"first","13":"instock","14":"taxable","15":"shipping-taxable","16":"product-type-variable","17":"wvs-archive-product-wrapper"},"acf":[],"_links":{"self":[{"href":"https:\/\/staging.nbg.eu\/no\/wp-json\/wp\/v2\/product\/61735","targetHints":{"allow":["GET"]}}],"collection":[{"href":"https:\/\/staging.nbg.eu\/no\/wp-json\/wp\/v2\/product"}],"about":[{"href":"https:\/\/staging.nbg.eu\/no\/wp-json\/wp\/v2\/types\/product"}],"wp:featuredmedia":[{"embeddable":true,"href":"https:\/\/staging.nbg.eu\/no\/wp-json\/wp\/v2\/media\/61736"}],"wp:attachment":[{"href":"https:\/\/staging.nbg.eu\/no\/wp-json\/wp\/v2\/media?parent=61735"}],"wp:term":[{"taxonomy":"product_brand","embeddable":true,"href":"https:\/\/staging.nbg.eu\/no\/wp-json\/wp\/v2\/product_brand?post=61735"},{"taxonomy":"product_cat","embeddable":true,"href":"https:\/\/staging.nbg.eu\/no\/wp-json\/wp\/v2\/product_cat?post=61735"},{"taxonomy":"product_tag","embeddable":true,"href":"https:\/\/staging.nbg.eu\/no\/wp-json\/wp\/v2\/product_tag?post=61735"}],"curies":[{"name":"wp","href":"https:\/\/api.w.org\/{rel}","templated":true}]}}