{"id":61579,"date":"2024-02-14T20:12:21","date_gmt":"2024-09-16T10:54:44","guid":{"rendered":"https:\/\/staging.nbg.eu\/product\/geissele-13-5-super-modular-rail-mk16-m-lok\/"},"modified":"2024-09-16T11:03:26","modified_gmt":"2024-09-16T11:03:26","slug":"geissele-135-super-modulaer-skinne-mk16-m-lok","status":"publish","type":"product","link":"https:\/\/staging.nbg.eu\/no\/produkt\/geissele-135-super-modulaer-skinne-mk16-m-lok\/","title":{"rendered":"Geissele 13.5&#8243; Super Modul\u00e6r Skinne MK16 M-LOK\u00ae"},"content":{"rendered":"<h2 style=\"text-align: center\"><b>13,5&#8243; Super Modul\u00e6r Skinne MK16 M-LOK\u00ae<\/b><\/h2>\n<p>Geissele Super Modul\u00e6r Skinne MK16 monteres p\u00e5 AR-15-overdelens l\u00f8p ved hjelp av en oppdatert versjon av Geissele l\u00f8psmutter-design. Den har M1913 picatinny-skinne p\u00e5 toppen og M-LOK\u2122-spor p\u00e5 alle sider. MK16 er produsert av 7000-serie aluminium og har Type-3 hardeloksert overflate.<\/p>\n<p>Super Modul\u00e6r Skinne 13,5&#8243; (SMR) MK16 M-LOK\u00ae, NSN# 1005-01-672-4794 (13,5&#8243;), er valgt av USASOC for URG-I-programmet (Upper Receiver Group Improved).<\/p>\n<p>&nbsp;<\/p>\n<h2 style=\"text-align: center\"><strong>SPESIFIKASJONER<\/strong><\/h2>\n<hr \/>\n<table border=\"1\">\n<tbody>\n<tr>\n<td><strong>H\u00d8YDE: <\/strong><\/td>\n<td> 2,39&#8243;<\/td>\n<\/tr>\n<tr>\n<td><strong>FARGE: <\/strong><\/td>\n<td> Svart, DDC, Gr\u00e5, ODG<\/td>\n<\/tr>\n<tr>\n<td><strong>MATERIALE: <\/strong><\/td>\n<td> 7000-serie aluminium<\/td>\n<\/tr>\n<tr>\n<td><strong>OVERFLATE: <\/strong><\/td>\n<td> Type 3 hardeloksert<\/td>\n<\/tr>\n<tr>\n<td><strong>TILGJENGELIGE LENGDER: <\/strong><\/td>\n<td> 9,3&#8243;, 10,5&#8243;, 13,5&#8243;, 15&#8243;<\/td>\n<\/tr>\n<tr>\n<td><strong>INDRE DIAMETER: <\/strong><\/td>\n<td> 1,26&#8243;<\/td>\n<\/tr>\n<tr>\n<td><strong>YTRE DIAMETER (DAQ*): <\/strong><\/td>\n<td> 1,59&#8243;<\/td>\n<\/tr>\n<tr>\n<td><strong>SMR MK16 9,3&#8243; VEKT: <\/strong><\/td>\n<td> 286 g (333 g m\/ l\u00f8psmutter)<\/td>\n<\/tr>\n<tr>\n<td><strong>SMR MK16 10,5&#8243; VEKT: <\/strong><\/td>\n<td> 312 g (357 g m\/ l\u00f8psmutter)<\/td>\n<\/tr>\n<tr>\n<td><strong>SMR MK16 13,5&#8243; VEKT: <\/strong><\/td>\n<td> 380 g (422 g m\/ l\u00f8psmutter)<\/td>\n<\/tr>\n<tr>\n<td><strong>SMR MK16 15&#8243; VEKT: <\/strong><\/td>\n<td> 403 g (448 g m\/ l\u00f8psmutter)<\/td>\n<\/tr>\n<\/tbody>\n<\/table>\n<p><em>*DAQ &#8211; Avstand p\u00e5 tvers av kvadranter<\/em><\/p>\n","protected":false},"excerpt":{"rendered":"<p><strong>Uovertruffen ytelse for de mest krevende skytterne<\/strong><\/p>\n","protected":false},"featured_media":61580,"template":"","meta":{"_acf_changed":false},"product_brand":[11384],"product_cat":[13308,13311,13260,13259],"product_tag":[],"class_list":{"0":"post-61579","1":"product","2":"type-product","3":"status-publish","4":"has-post-thumbnail","6":"product_brand-geissele","7":"product_cat-karabiner","8":"product_cat-rifle","9":"product_cat-rifle-tuning","10":"product_cat-skinner","12":"first","13":"instock","14":"taxable","15":"shipping-taxable","16":"product-type-variable","17":"wvs-archive-product-wrapper"},"acf":[],"_links":{"self":[{"href":"https:\/\/staging.nbg.eu\/no\/wp-json\/wp\/v2\/product\/61579","targetHints":{"allow":["GET"]}}],"collection":[{"href":"https:\/\/staging.nbg.eu\/no\/wp-json\/wp\/v2\/product"}],"about":[{"href":"https:\/\/staging.nbg.eu\/no\/wp-json\/wp\/v2\/types\/product"}],"wp:featuredmedia":[{"embeddable":true,"href":"https:\/\/staging.nbg.eu\/no\/wp-json\/wp\/v2\/media\/61580"}],"wp:attachment":[{"href":"https:\/\/staging.nbg.eu\/no\/wp-json\/wp\/v2\/media?parent=61579"}],"wp:term":[{"taxonomy":"product_brand","embeddable":true,"href":"https:\/\/staging.nbg.eu\/no\/wp-json\/wp\/v2\/product_brand?post=61579"},{"taxonomy":"product_cat","embeddable":true,"href":"https:\/\/staging.nbg.eu\/no\/wp-json\/wp\/v2\/product_cat?post=61579"},{"taxonomy":"product_tag","embeddable":true,"href":"https:\/\/staging.nbg.eu\/no\/wp-json\/wp\/v2\/product_tag?post=61579"}],"curies":[{"name":"wp","href":"https:\/\/api.w.org\/{rel}","templated":true}]}}