{"id":61121,"date":"2024-02-14T20:33:29","date_gmt":"2024-09-16T10:40:25","guid":{"rendered":"https:\/\/staging.nbg.eu\/product\/geissele-16-super-modular-rail-mk18-m-lok\/"},"modified":"2024-09-16T10:41:26","modified_gmt":"2024-09-16T10:41:26","slug":"geissele-16-super-modulaer-skinne-mk18-m-lok","status":"publish","type":"product","link":"https:\/\/staging.nbg.eu\/no\/produkt\/geissele-16-super-modulaer-skinne-mk18-m-lok\/","title":{"rendered":"Geissele 16&#8243; Super Modul\u00e6r Skinne MK18 M-LOK\u00ae"},"content":{"rendered":"<h2 style=\"text-align: center\"><b>16&#8243; Super Modul\u00e6r Skinne MK18 M-LOK\u00ae<\/b><\/h2>\n<p>MK18 er den nyeste i serien av Geissele Super Modul\u00e6re skinner og er spesielt laget for \u00e5 fungere med <b>Arca-Swiss hurtigkoblingssystem<\/b>. Denne nye h\u00e5ndvernet er basert p\u00e5 MK16 M-LOK Super Modul\u00e6r Skinne, med liten diameter og total h\u00f8yde som gir en slank profil. Den flate basen p\u00e5 MK18 har en &laquo;Arca-stil&raquo; 35mm bred form med en 45 graders svalehale, som muliggj\u00f8r rask montering p\u00e5 en Arca-Swiss hurtigkoblingsbase. MK18 har Geisseles <b>propriet\u00e6re 2,25&#8243; lange l\u00f8psmutter<\/b> som grenser til mottakeren og skaper en plattform som kan stoles p\u00e5 \u00e5 v\u00e6re rett og sann i hele lengden av den frie flytende skinnen. Den 16&#8243; lange MK18 er 3D-presisjonsmaskiner ved bruk av 7000-serien aluminium p\u00e5 grunn av dets sterke, stive og lette egenskaper.<\/p>\n<p>Ved \u00e5 bruke <b>Magpuls M-LOK-teknologi p\u00e5 de tre hovedkvadrantene<\/b> (venstre, h\u00f8yre og bunn), samt de \u00f8vre 45\u00b0, gir MK18 mulighet for tilpasning. MK18 Super Modul\u00e6r skinne er <b>overflatebehandlet med en holdbar Type 3 hardcoat anodisering<\/b> tilgjengelig i enten svart eller Geisseles DDC-finish.<\/p>\n<p>Geissele Super Modul\u00e6r Skinne MK18 er <b>kompatibel med mil-spec AR15-m\u00f8nstrede rifler.<\/b><\/p>\n<h2 style=\"text-align: center\"><strong>SPESIFIKASJONER<\/strong><\/h2>\n<hr \/>\n<table border=\"1\">\n<tbody>\n<tr>\n<td><strong>H\u00d8YDE: <\/strong><\/td>\n<td> 2,08<\/td>\n<\/tr>\n<tr>\n<td><strong>FARGE: <\/strong><\/td>\n<td> DDC \/ Svart<\/td>\n<\/tr>\n<tr>\n<td><strong>MATERIALE: <\/strong><\/td>\n<td> 7000-serien aluminium<\/td>\n<\/tr>\n<tr>\n<td><strong>OVERFLATE: <\/strong><\/td>\n<td> Type 3 Hardcoat Anodisering<\/td>\n<\/tr>\n<tr>\n<td><strong>LENGDE: <\/strong><\/td>\n<td> 16,5&#8243;<\/td>\n<\/tr>\n<tr>\n<td><strong>INDRE DIAMETER: <\/strong><\/td>\n<td> 1,26&#8243;<\/td>\n<\/tr>\n<tr>\n<td><strong>YTRE DIAMETER (DAK*): <\/strong><\/td>\n<td> 1,59&#8243;<\/td>\n<\/tr>\n<tr>\n<td><strong>SMR MK18 VEKT: <\/strong><\/td>\n<td> 17oz (18,4oz m\/ l\u00f8psmutter)<\/td>\n<\/tr>\n<\/tbody>\n<\/table>\n<p>&nbsp;<\/p>\n<p><em>*DAK &#8211; Distanse Across Kvadranter<\/em><\/p>\n","protected":false},"excerpt":{"rendered":"<p><strong>Laget for \u00e5 samvirke med Arca-Swiss hurtigkoblingssystem<\/strong><\/p>\n","protected":false},"featured_media":61122,"template":"","meta":{"_acf_changed":false},"product_brand":[11384],"product_cat":[13308,13311,13260,13259],"product_tag":[],"class_list":{"0":"post-61121","1":"product","2":"type-product","3":"status-publish","4":"has-post-thumbnail","6":"product_brand-geissele","7":"product_cat-karabiner","8":"product_cat-rifle","9":"product_cat-rifle-tuning","10":"product_cat-skinner","12":"first","13":"outofstock","14":"taxable","15":"shipping-taxable","16":"product-type-variable","17":"wvs-archive-product-wrapper"},"acf":[],"_links":{"self":[{"href":"https:\/\/staging.nbg.eu\/no\/wp-json\/wp\/v2\/product\/61121","targetHints":{"allow":["GET"]}}],"collection":[{"href":"https:\/\/staging.nbg.eu\/no\/wp-json\/wp\/v2\/product"}],"about":[{"href":"https:\/\/staging.nbg.eu\/no\/wp-json\/wp\/v2\/types\/product"}],"wp:featuredmedia":[{"embeddable":true,"href":"https:\/\/staging.nbg.eu\/no\/wp-json\/wp\/v2\/media\/61122"}],"wp:attachment":[{"href":"https:\/\/staging.nbg.eu\/no\/wp-json\/wp\/v2\/media?parent=61121"}],"wp:term":[{"taxonomy":"product_brand","embeddable":true,"href":"https:\/\/staging.nbg.eu\/no\/wp-json\/wp\/v2\/product_brand?post=61121"},{"taxonomy":"product_cat","embeddable":true,"href":"https:\/\/staging.nbg.eu\/no\/wp-json\/wp\/v2\/product_cat?post=61121"},{"taxonomy":"product_tag","embeddable":true,"href":"https:\/\/staging.nbg.eu\/no\/wp-json\/wp\/v2\/product_tag?post=61121"}],"curies":[{"name":"wp","href":"https:\/\/api.w.org\/{rel}","templated":true}]}}