{"id":60847,"date":"2024-02-14T20:38:31","date_gmt":"2024-09-16T10:32:16","guid":{"rendered":"https:\/\/staging.nbg.eu\/product\/alg-defense-emr-v3x-15-handguard-black\/"},"modified":"2024-09-16T10:33:09","modified_gmt":"2024-09-16T10:33:09","slug":"alg-defense-emr-v3x-15-handbeskytter-svart","status":"publish","type":"product","link":"https:\/\/staging.nbg.eu\/no\/produkt\/alg-defense-emr-v3x-15-handbeskytter-svart\/","title":{"rendered":"ALG Defense EMR V3X 15&#8243; H\u00e5ndbeskytter &#8211; Svart"},"content":{"rendered":"<p>ALG Defense EMR V3X 15&#8243; h\u00e5ndvern i svart har et M-LOK-st\u00f8ttesystem for tilpasning. Monter tilbeh\u00f8r ved 2, 4, 6, 8 og 10 o&#8217;clock posisjoner. Det har en M1913 picatinny-skinne i full lengde ved 12 o&#8217;clock for \u00e5 feste sikter, lasere, lys og annen optikk. Egnet for \u00e5 tilpasse v\u00e5penet etter individuelle behov.<\/p>\n","protected":false},"excerpt":{"rendered":"<p>Allsidig 15&#8243; M-LOK h\u00e5ndvern med full-lengde Picatinny-skinne.<\/p>\n","protected":false},"featured_media":60848,"template":"","meta":{"_acf_changed":false},"product_brand":[11384],"product_cat":[13311,13260,13259],"product_tag":[],"class_list":{"0":"post-60847","1":"product","2":"type-product","3":"status-publish","4":"has-post-thumbnail","6":"product_brand-geissele","7":"product_cat-rifle","8":"product_cat-rifle-tuning","9":"product_cat-skinner","11":"first","12":"instock","13":"taxable","14":"shipping-taxable","15":"product-type-simple"},"acf":[],"_links":{"self":[{"href":"https:\/\/staging.nbg.eu\/no\/wp-json\/wp\/v2\/product\/60847","targetHints":{"allow":["GET"]}}],"collection":[{"href":"https:\/\/staging.nbg.eu\/no\/wp-json\/wp\/v2\/product"}],"about":[{"href":"https:\/\/staging.nbg.eu\/no\/wp-json\/wp\/v2\/types\/product"}],"wp:featuredmedia":[{"embeddable":true,"href":"https:\/\/staging.nbg.eu\/no\/wp-json\/wp\/v2\/media\/60848"}],"wp:attachment":[{"href":"https:\/\/staging.nbg.eu\/no\/wp-json\/wp\/v2\/media?parent=60847"}],"wp:term":[{"taxonomy":"product_brand","embeddable":true,"href":"https:\/\/staging.nbg.eu\/no\/wp-json\/wp\/v2\/product_brand?post=60847"},{"taxonomy":"product_cat","embeddable":true,"href":"https:\/\/staging.nbg.eu\/no\/wp-json\/wp\/v2\/product_cat?post=60847"},{"taxonomy":"product_tag","embeddable":true,"href":"https:\/\/staging.nbg.eu\/no\/wp-json\/wp\/v2\/product_tag?post=60847"}],"curies":[{"name":"wp","href":"https:\/\/api.w.org\/{rel}","templated":true}]}}