{"id":60434,"date":"2024-02-15T07:17:14","date_gmt":"2024-02-15T07:17:14","guid":{"rendered":"https:\/\/staging.nbg.eu\/product\/geissele-super-42-rifle-length-spring\/"},"modified":"2024-09-13T16:16:47","modified_gmt":"2024-09-13T16:16:47","slug":"geissele-super-42-riffelengde-fjaer","status":"publish","type":"product","link":"https:\/\/staging.nbg.eu\/no\/produkt\/geissele-super-42-riffelengde-fjaer\/","title":{"rendered":"Geissele Super 42 Riffelengde Fj\u00e6r"},"content":{"rendered":"<p>\nGeissele Super 42 riflelengde fj\u00e6r for M-16\/AR-15 har en trippel-tr\u00e5d design som fungerer som en harmonisk demper. Den absorberer energi og reduserer fj\u00e6rsvikt. Fj\u00e6ren gir bedre p\u00e5litelighet, mindre &laquo;twang&raquo;-lyd, og passer med standard riflelengde buffere og r\u00f8r. Den er kompatibel med M-16 og AR-15 rifler.<\/p>\n","protected":false},"excerpt":{"rendered":"<p>Forbedre AR-15-ytelsen med Geisseles innovative trestrengede fj\u00e6r.<\/p>\n","protected":false},"featured_media":60435,"template":"","meta":{"_acf_changed":false},"product_brand":[11384],"product_cat":[13322,13311,13260],"product_tag":[],"class_list":{"0":"post-60434","1":"product","2":"type-product","3":"status-publish","4":"has-post-thumbnail","6":"product_brand-geissele","7":"product_cat-fjaerer","8":"product_cat-rifle","9":"product_cat-rifle-tuning","11":"first","12":"instock","13":"taxable","14":"shipping-taxable","15":"product-type-simple"},"acf":[],"_links":{"self":[{"href":"https:\/\/staging.nbg.eu\/no\/wp-json\/wp\/v2\/product\/60434","targetHints":{"allow":["GET"]}}],"collection":[{"href":"https:\/\/staging.nbg.eu\/no\/wp-json\/wp\/v2\/product"}],"about":[{"href":"https:\/\/staging.nbg.eu\/no\/wp-json\/wp\/v2\/types\/product"}],"wp:featuredmedia":[{"embeddable":true,"href":"https:\/\/staging.nbg.eu\/no\/wp-json\/wp\/v2\/media\/60435"}],"wp:attachment":[{"href":"https:\/\/staging.nbg.eu\/no\/wp-json\/wp\/v2\/media?parent=60434"}],"wp:term":[{"taxonomy":"product_brand","embeddable":true,"href":"https:\/\/staging.nbg.eu\/no\/wp-json\/wp\/v2\/product_brand?post=60434"},{"taxonomy":"product_cat","embeddable":true,"href":"https:\/\/staging.nbg.eu\/no\/wp-json\/wp\/v2\/product_cat?post=60434"},{"taxonomy":"product_tag","embeddable":true,"href":"https:\/\/staging.nbg.eu\/no\/wp-json\/wp\/v2\/product_tag?post=60434"}],"curies":[{"name":"wp","href":"https:\/\/api.w.org\/{rel}","templated":true}]}}