{"id":60070,"date":"2024-02-15T07:54:43","date_gmt":"2024-09-13T16:09:25","guid":{"rendered":"https:\/\/staging.nbg.eu\/product\/geissele-super-charging-handle-sch-7-62\/"},"modified":"2024-09-13T16:10:20","modified_gmt":"2024-09-13T16:10:20","slug":"geissele-super-ladehandtak-sch-762","status":"publish","type":"product","link":"https:\/\/staging.nbg.eu\/no\/produkt\/geissele-super-ladehandtak-sch-762\/","title":{"rendered":"Geissele Super Ladeh\u00e5ndtak (SCH\u00ae) 7.62"},"content":{"rendered":"<div class=\"product-description\">\n<h2>Geissele Ladeh\u00e5ndtak (SCH\u00ae) 7.62<\/h2>\n<p>SCH\u00ae 7.62 er et ambidekstert ladeh\u00e5ndtak laget av 7075-T6 aluminium. Det har doble spaker med strukturerte gripflater for enkel bruk med hansker. Den forh\u00f8yede bakkanten reduserer gassutslipp, nyttig for korte l\u00f8p og lyddemper-systemer. Anodisert overflate for holdbarhet, tilgjengelig i svart og sand-farge.<\/p>\n<p>Kompatibel med de fleste SR25, DPMS\/LR308 og AR10-m\u00f8nstrede skytev\u00e5pen. Sjekk kompatibilitet med v\u00e5penprodusenten f\u00f8r installasjon.<\/p>\n<p><strong>Ikke kompatibel med:<\/strong> HK 762, Colt 901, DPMS GII, Adams Arms .308 Patrol Rifle, Daniel Defense DD5, Sig 716, BPM Long Range Marksman .308, Smith &amp; Wesson MP-10, Bushmaster BAR-10, Rock River Arms LAR-8.<\/p>\n<\/div>\n","protected":false},"excerpt":{"rendered":"<p>Tvehendt ladeh\u00e5ndtak i 7075-T6 aluminium for 7,62 rifler.<\/p>\n","protected":false},"featured_media":60071,"template":"","meta":{"_acf_changed":false},"product_brand":[11384],"product_cat":[13266,13311,13260],"product_tag":[],"class_list":{"0":"post-60070","1":"product","2":"type-product","3":"status-publish","4":"has-post-thumbnail","6":"product_brand-geissele","7":"product_cat-ladehandtak","8":"product_cat-rifle","9":"product_cat-rifle-tuning","11":"first","12":"instock","13":"taxable","14":"shipping-taxable","15":"product-type-variable","16":"wvs-archive-product-wrapper"},"acf":[],"_links":{"self":[{"href":"https:\/\/staging.nbg.eu\/no\/wp-json\/wp\/v2\/product\/60070","targetHints":{"allow":["GET"]}}],"collection":[{"href":"https:\/\/staging.nbg.eu\/no\/wp-json\/wp\/v2\/product"}],"about":[{"href":"https:\/\/staging.nbg.eu\/no\/wp-json\/wp\/v2\/types\/product"}],"wp:featuredmedia":[{"embeddable":true,"href":"https:\/\/staging.nbg.eu\/no\/wp-json\/wp\/v2\/media\/60071"}],"wp:attachment":[{"href":"https:\/\/staging.nbg.eu\/no\/wp-json\/wp\/v2\/media?parent=60070"}],"wp:term":[{"taxonomy":"product_brand","embeddable":true,"href":"https:\/\/staging.nbg.eu\/no\/wp-json\/wp\/v2\/product_brand?post=60070"},{"taxonomy":"product_cat","embeddable":true,"href":"https:\/\/staging.nbg.eu\/no\/wp-json\/wp\/v2\/product_cat?post=60070"},{"taxonomy":"product_tag","embeddable":true,"href":"https:\/\/staging.nbg.eu\/no\/wp-json\/wp\/v2\/product_tag?post=60070"}],"curies":[{"name":"wp","href":"https:\/\/api.w.org\/{rel}","templated":true}]}}