{"id":59892,"date":"2024-02-15T10:31:20","date_gmt":"2024-09-13T16:05:43","guid":{"rendered":"https:\/\/staging.nbg.eu\/product\/geissele-super-configurable-safety-selector-black\/"},"modified":"2024-09-13T16:06:35","modified_gmt":"2024-09-13T16:06:35","slug":"geissele-super-konfigurerbar-sikkerhetsvelger-svart","status":"publish","type":"product","link":"https:\/\/staging.nbg.eu\/no\/produkt\/geissele-super-konfigurerbar-sikkerhetsvelger-svart\/","title":{"rendered":"Geissele Super Konfigurerbar Sikkerhetsvelger &#8211; Svart"},"content":{"rendered":"<div class=\"product-description\">\n<h2>Geissele Konfigurerbar Sikkerhetsselektor &#8211; Svart<\/h2>\n<p>Ambidekstr\u00f8s sikkerhetsselektor for karbinrifler. Har utskiftbare spaker for tilpasning. Fj\u00e6rbelastet stempeldesign forhindrer tap under rengj\u00f8ring. L\u00f8pet er laget av rustfritt st\u00e5l. Forbedrer v\u00e5penets sikkerhet og brukervennlighet.<\/p>\n<\/div>\n","protected":false},"excerpt":{"rendered":"<p>Ambidekstr\u00f8s, konfigurerbar sikkerhetsselektor for AR-15. Slitesterk st\u00e5l.<\/p>\n","protected":false},"featured_media":59893,"template":"","meta":{"_acf_changed":false},"product_brand":[11384],"product_cat":[13311,13260],"product_tag":[],"class_list":{"0":"post-59892","1":"product","2":"type-product","3":"status-publish","4":"has-post-thumbnail","6":"product_brand-geissele","7":"product_cat-rifle","8":"product_cat-rifle-tuning","10":"first","11":"instock","12":"taxable","13":"shipping-taxable","14":"product-type-simple"},"acf":[],"_links":{"self":[{"href":"https:\/\/staging.nbg.eu\/no\/wp-json\/wp\/v2\/product\/59892","targetHints":{"allow":["GET"]}}],"collection":[{"href":"https:\/\/staging.nbg.eu\/no\/wp-json\/wp\/v2\/product"}],"about":[{"href":"https:\/\/staging.nbg.eu\/no\/wp-json\/wp\/v2\/types\/product"}],"wp:featuredmedia":[{"embeddable":true,"href":"https:\/\/staging.nbg.eu\/no\/wp-json\/wp\/v2\/media\/59893"}],"wp:attachment":[{"href":"https:\/\/staging.nbg.eu\/no\/wp-json\/wp\/v2\/media?parent=59892"}],"wp:term":[{"taxonomy":"product_brand","embeddable":true,"href":"https:\/\/staging.nbg.eu\/no\/wp-json\/wp\/v2\/product_brand?post=59892"},{"taxonomy":"product_cat","embeddable":true,"href":"https:\/\/staging.nbg.eu\/no\/wp-json\/wp\/v2\/product_cat?post=59892"},{"taxonomy":"product_tag","embeddable":true,"href":"https:\/\/staging.nbg.eu\/no\/wp-json\/wp\/v2\/product_tag?post=59892"}],"curies":[{"name":"wp","href":"https:\/\/api.w.org\/{rel}","templated":true}]}}