{"id":58862,"date":"2024-02-15T19:41:39","date_gmt":"2024-09-13T15:17:35","guid":{"rendered":"https:\/\/staging.nbg.eu\/product\/geissele-super-gas-block-black\/"},"modified":"2024-09-13T15:18:29","modified_gmt":"2024-09-13T15:18:29","slug":"geissele-super-gassblokk-svart","status":"publish","type":"product","link":"https:\/\/staging.nbg.eu\/no\/produkt\/geissele-super-gassblokk-svart\/","title":{"rendered":"Geissele Super Gassblokk &#8211; Svart"},"content":{"rendered":"<div class=\"product-description\">\n<h2>Geissele Super Gassblokk &#8211; Svart<\/h2>\n<p>Geissele Super Gassblokk er en lavprofil komponent designet for \u00e5 passe under de fleste frittflytende h\u00e5ndvern. Den er laget av 17-4 utfellingsherdet rustfritt st\u00e5l, som gir korrosjonsbestandighet og holdbarhet.<\/p>\n<ul>\n<li>T\u00e5ler tusenvis av skudd<\/li>\n<li>Inkluderer standard settskrue og &laquo;Bombproof Installation&raquo; metoder<\/li>\n<li>Spiralstift l\u00e5ser gassblokken p\u00e5 plass for stabilitet<\/li>\n<li>Rustfri st\u00e5lpinne sikrer riktig justering med Geissele CHF-l\u00f8p<\/li>\n<\/ul>\n<p>Geissele Super Gassblokk er konstruert for \u00e5 fungere under alle driftsforhold.<\/p>\n<\/div>\n","protected":false},"excerpt":{"rendered":"<p>Lavprofil, slitesterk gassblokk i rustfritt st\u00e5l for AR-15-rifler.<\/p>\n","protected":false},"featured_media":58863,"template":"","meta":{"_acf_changed":false},"product_brand":[11384],"product_cat":[13311,13260],"product_tag":[],"class_list":{"0":"post-58862","1":"product","2":"type-product","3":"status-publish","4":"has-post-thumbnail","6":"product_brand-geissele","7":"product_cat-rifle","8":"product_cat-rifle-tuning","10":"first","11":"instock","12":"taxable","13":"shipping-taxable","14":"product-type-simple"},"acf":[],"_links":{"self":[{"href":"https:\/\/staging.nbg.eu\/no\/wp-json\/wp\/v2\/product\/58862","targetHints":{"allow":["GET"]}}],"collection":[{"href":"https:\/\/staging.nbg.eu\/no\/wp-json\/wp\/v2\/product"}],"about":[{"href":"https:\/\/staging.nbg.eu\/no\/wp-json\/wp\/v2\/types\/product"}],"wp:featuredmedia":[{"embeddable":true,"href":"https:\/\/staging.nbg.eu\/no\/wp-json\/wp\/v2\/media\/58863"}],"wp:attachment":[{"href":"https:\/\/staging.nbg.eu\/no\/wp-json\/wp\/v2\/media?parent=58862"}],"wp:term":[{"taxonomy":"product_brand","embeddable":true,"href":"https:\/\/staging.nbg.eu\/no\/wp-json\/wp\/v2\/product_brand?post=58862"},{"taxonomy":"product_cat","embeddable":true,"href":"https:\/\/staging.nbg.eu\/no\/wp-json\/wp\/v2\/product_cat?post=58862"},{"taxonomy":"product_tag","embeddable":true,"href":"https:\/\/staging.nbg.eu\/no\/wp-json\/wp\/v2\/product_tag?post=58862"}],"curies":[{"name":"wp","href":"https:\/\/api.w.org\/{rel}","templated":true}]}}