{"id":582581,"date":"2025-10-10T18:10:11","date_gmt":"2025-10-10T15:10:11","guid":{"rendered":"https:\/\/staging.nbg.eu\/product\/daa-gripz-grip-enhancer-75-ml\/"},"modified":"2025-10-16T13:57:09","modified_gmt":"2025-10-16T10:57:09","slug":"daa-gripz-grep-forsterker-75-ml","status":"publish","type":"product","link":"https:\/\/staging.nbg.eu\/no\/produkt\/daa-gripz-grep-forsterker-75-ml\/","title":{"rendered":"DAA GRIPZ &#8211; Grep forsterker 75 ml"},"content":{"rendered":"<div class=\"product-description\">\n<h2>DAA GRIPZ &#8211; Gripeforsterker 75 ml<\/h2>\n<p>DAA GRIPZ er en lotion for \u00e5 forbedre grep ved IPSC og USPSA pistolskyting. Denne 75ml flasken gir et sikkert grep under v\u00e5te forhold og ekstrem varme.<\/p>\n<ul>\n<li>Silikabasert formel med alkohol og stabilisatorer<\/li>\n<li>Praktisk &laquo;Snap-cap&raquo; lukking for enkel enh\u00e5nds tilgang<\/li>\n<li>Renere p\u00e5f\u00f8ring &#8211; t\u00f8rker ikke hvitt eller gnis lett av p\u00e5 kl\u00e6r og pistolgrep<\/li>\n<li>Egnet for \u00e5 holde h\u00e5ndflatene t\u00f8rre og sikre et godt grep under skyting<\/li>\n<\/ul>\n<p>DAA GRIPZ kan bidra til \u00e5 forbedre skytingen din.<\/p>\n<\/div>\n","protected":false},"excerpt":{"rendered":"<p>DAA GRIPZ: Forbedrer grep for presis skyting. 75ml flaske.<\/p>\n","protected":false},"featured_media":582660,"template":"","meta":{"_acf_changed":false},"product_brand":[],"product_cat":[13327],"product_tag":[],"class_list":{"0":"post-582581","1":"product","2":"type-product","3":"status-publish","4":"has-post-thumbnail","6":"product_cat-ukategorisert","8":"first","9":"instock","10":"taxable","11":"shipping-taxable","12":"purchasable","13":"product-type-simple"},"acf":[],"_links":{"self":[{"href":"https:\/\/staging.nbg.eu\/no\/wp-json\/wp\/v2\/product\/582581","targetHints":{"allow":["GET"]}}],"collection":[{"href":"https:\/\/staging.nbg.eu\/no\/wp-json\/wp\/v2\/product"}],"about":[{"href":"https:\/\/staging.nbg.eu\/no\/wp-json\/wp\/v2\/types\/product"}],"wp:featuredmedia":[{"embeddable":true,"href":"https:\/\/staging.nbg.eu\/no\/wp-json\/wp\/v2\/media\/582660"}],"wp:attachment":[{"href":"https:\/\/staging.nbg.eu\/no\/wp-json\/wp\/v2\/media?parent=582581"}],"wp:term":[{"taxonomy":"product_brand","embeddable":true,"href":"https:\/\/staging.nbg.eu\/no\/wp-json\/wp\/v2\/product_brand?post=582581"},{"taxonomy":"product_cat","embeddable":true,"href":"https:\/\/staging.nbg.eu\/no\/wp-json\/wp\/v2\/product_cat?post=582581"},{"taxonomy":"product_tag","embeddable":true,"href":"https:\/\/staging.nbg.eu\/no\/wp-json\/wp\/v2\/product_tag?post=582581"}],"curies":[{"name":"wp","href":"https:\/\/api.w.org\/{rel}","templated":true}]}}