{"id":576661,"date":"2025-10-10T15:52:39","date_gmt":"2025-10-10T12:52:39","guid":{"rendered":"https:\/\/staging.nbg.eu\/product\/adapter-single-arta435-52-52mm\/"},"modified":"2025-10-15T12:10:51","modified_gmt":"2025-10-15T09:10:51","slug":"adapter-enkel-arta435-52-52mm","status":"publish","type":"product","link":"https:\/\/staging.nbg.eu\/no\/produkt\/adapter-enkel-arta435-52-52mm\/","title":{"rendered":"Adapter enkel ARTA435-52, 52mm"},"content":{"rendered":"<div class=\"product-description\">\n<h2>Adapter enkelt ARTA435-52, 52mm<\/h2>\n<p>ARTA435-52 er en hurtigkobling-adapter for Guide TA &amp; TB termiske clip-on enheter. Denne 52mm adapteren kobler dagsikte med termisk clip-on.<\/p>\n<h2>Hovedfunksjoner:<\/h2>\n<ul>\n<li>Kompatibel med enheter som bruker M33.5&#215;0.75 gjenger<\/li>\n<li>Laget av aluminium<\/li>\n<li>Bevegelige deler laget av herdet st\u00e5l<\/li>\n<li>Innvendig belegg<\/li>\n<li>Sikrer grep og beskytter optikk<\/li>\n<li>Hurtigkoblingsmekanisme for enkel montering<\/li>\n<\/ul>\n<h2>Kompatibilitet:<\/h2>\n<p>Denne adapteren er kompatibel med flere termiske clip-ons, inkludert:<\/p>\n<ul>\n<li>Guide TB &amp; TA-serien<\/li>\n<li>Athlon Cronus ATS Pro<\/li>\n<li>Burris BTC50, BTC35 v2 &amp; v3<\/li>\n<li>Steiner Nighthunter C35 Gen I &amp; Gen II<\/li>\n<li>Konus Fiery<\/li>\n<li>Nitehog Viper<\/li>\n<\/ul>\n<p>Forsikre deg om at riflesikte har en ytre diameter p\u00e5 52mm f\u00f8r kj\u00f8p. For alternative monteringsalternativer, vurder v\u00e5re Picatinny-skinnedaptere i forskjellige h\u00f8yder.<\/p>\n<p>Produsert av Rusan-Mikron, denne adapteren passer med termisk avbildningsutstyr. ARTA435-52 adapteren kan brukes til jakt eller taktiske form\u00e5l.<\/p>\n<\/div>\n","protected":false},"excerpt":{"rendered":"<p>52mm Rusan-adapter for Guide termiske clip-ons. Hurtigutl\u00f8ser, aluminium.<\/p>\n","protected":false},"featured_media":576782,"template":"","meta":{"_acf_changed":false},"product_brand":[],"product_cat":[13244,13287,13242],"product_tag":[],"class_list":{"0":"post-576661","1":"product","2":"type-product","3":"status-publish","4":"has-post-thumbnail","6":"product_cat-sikteutstyr","7":"product_cat-sikting","8":"product_cat-termisk","10":"first","11":"outofstock","12":"taxable","13":"shipping-taxable","14":"purchasable","15":"product-type-simple"},"acf":[],"_links":{"self":[{"href":"https:\/\/staging.nbg.eu\/no\/wp-json\/wp\/v2\/product\/576661","targetHints":{"allow":["GET"]}}],"collection":[{"href":"https:\/\/staging.nbg.eu\/no\/wp-json\/wp\/v2\/product"}],"about":[{"href":"https:\/\/staging.nbg.eu\/no\/wp-json\/wp\/v2\/types\/product"}],"wp:featuredmedia":[{"embeddable":true,"href":"https:\/\/staging.nbg.eu\/no\/wp-json\/wp\/v2\/media\/576782"}],"wp:attachment":[{"href":"https:\/\/staging.nbg.eu\/no\/wp-json\/wp\/v2\/media?parent=576661"}],"wp:term":[{"taxonomy":"product_brand","embeddable":true,"href":"https:\/\/staging.nbg.eu\/no\/wp-json\/wp\/v2\/product_brand?post=576661"},{"taxonomy":"product_cat","embeddable":true,"href":"https:\/\/staging.nbg.eu\/no\/wp-json\/wp\/v2\/product_cat?post=576661"},{"taxonomy":"product_tag","embeddable":true,"href":"https:\/\/staging.nbg.eu\/no\/wp-json\/wp\/v2\/product_tag?post=576661"}],"curies":[{"name":"wp","href":"https:\/\/api.w.org\/{rel}","templated":true}]}}