{"id":575088,"date":"2025-10-10T12:34:49","date_gmt":"2025-10-10T09:34:49","guid":{"rendered":"https:\/\/staging.nbg.eu\/product\/grips-kmr-l-modular-brass\/"},"modified":"2025-10-15T11:28:29","modified_gmt":"2025-10-15T08:28:29","slug":"grep-kmr-l-modulaer-messing","status":"publish","type":"product","link":"https:\/\/staging.nbg.eu\/no\/produkt\/grep-kmr-l-modulaer-messing\/","title":{"rendered":"GREP KMR L MODUL\u00c6R MESSING"},"content":{"rendered":"<h2>GRIPS KMR L MODULAR MESSING<\/h2>\n<p><strong>Referanse:<\/strong> 0611-04101-0316<\/p>\n<p>GRIPS KMR L MODULAR MESSING er et fullst\u00f8rrelsesgrep designet for komfort og kontroll, som passer p\u00e5 KMR uten magwell. Den modul\u00e6re teksturen gir et tilpassbart grep.<\/p>\n<h2>Kompatible v\u00e5pen:<\/h2>\n<ul>\n<li>KMR L-02 SPECTRA (2024 og fremover)<\/li>\n<li>KMR L-02 SPECTRA (til og med 2023)<\/li>\n<li>KMR L-02 UMBRA<\/li>\n<li>KMR L-02 UMBRA (2024 og fremover)<\/li>\n<li>KMR L-02 UMBRA (til og med 2023)<\/li>\n<\/ul>\n<p>Dette grepet er laget for \u00e5 forbedre h\u00e5ndtering av KMR.<\/p>\n","protected":false},"excerpt":{"rendered":"<p>Modul\u00e6rt messinggrep i full st\u00f8rrelse for KMR L-02 SPECTRA\/UMBRA-modeller.<\/p>\n","protected":false},"featured_media":575127,"template":"","meta":{"_acf_changed":false},"product_brand":[],"product_cat":[13263],"product_tag":[],"class_list":{"0":"post-575088","1":"product","2":"type-product","3":"status-publish","4":"has-post-thumbnail","6":"product_cat-kmr-deler","8":"first","9":"instock","10":"taxable","11":"shipping-taxable","12":"purchasable","13":"product-type-simple"},"acf":[],"_links":{"self":[{"href":"https:\/\/staging.nbg.eu\/no\/wp-json\/wp\/v2\/product\/575088","targetHints":{"allow":["GET"]}}],"collection":[{"href":"https:\/\/staging.nbg.eu\/no\/wp-json\/wp\/v2\/product"}],"about":[{"href":"https:\/\/staging.nbg.eu\/no\/wp-json\/wp\/v2\/types\/product"}],"wp:featuredmedia":[{"embeddable":true,"href":"https:\/\/staging.nbg.eu\/no\/wp-json\/wp\/v2\/media\/575127"}],"wp:attachment":[{"href":"https:\/\/staging.nbg.eu\/no\/wp-json\/wp\/v2\/media?parent=575088"}],"wp:term":[{"taxonomy":"product_brand","embeddable":true,"href":"https:\/\/staging.nbg.eu\/no\/wp-json\/wp\/v2\/product_brand?post=575088"},{"taxonomy":"product_cat","embeddable":true,"href":"https:\/\/staging.nbg.eu\/no\/wp-json\/wp\/v2\/product_cat?post=575088"},{"taxonomy":"product_tag","embeddable":true,"href":"https:\/\/staging.nbg.eu\/no\/wp-json\/wp\/v2\/product_tag?post=575088"}],"curies":[{"name":"wp","href":"https:\/\/api.w.org\/{rel}","templated":true}]}}