{"id":56742,"date":"2024-02-20T20:12:58","date_gmt":"2024-09-13T13:32:24","guid":{"rendered":"https:\/\/staging.nbg.eu\/product\/geissele-super-precision-scope-mount-30mm-for-ar-15-vortex-1-6\/"},"modified":"2024-09-13T13:33:21","modified_gmt":"2024-09-13T13:33:21","slug":"geissele-super-precision-siktemontasje-30mm-for-ar-15-vortex-1-6","status":"publish","type":"product","link":"https:\/\/staging.nbg.eu\/no\/produkt\/geissele-super-precision-siktemontasje-30mm-for-ar-15-vortex-1-6\/","title":{"rendered":"Geissele Super Precision Siktemontasje 30mm, for AR-15 (Vortex 1-6)"},"content":{"rendered":"<div class=\"description-text\">\n<div class=\"exerpt\">\n<p>Denne AR-15 kikkertfestet er en del av Geissele SOPMOD-sertifiserte serie og inkluderer Geissele-produkter som brukes av milit\u00e6re og anti-terror enheter i U.S. Special Operations Command (USSOCOM). SOPMOD er et USSOCOM-program som lar spesialstyrker konfigurere v\u00e5pnene sine etter individuelle preferanser og oppdragskrav. Programmet er et godkjent tilbeh\u00f8rssystem for M4A1 karabin, FN SCAR Mk 16\/17 og andre v\u00e5pen brukt av USSOCOM. Hvert Geissele-produkt i SOPMOD-serien har gjennomg\u00e5tt grundig testing og sertifisering av USSOCOM. Disse optikkfestene er maskinert fra en enkelt 2 kg blokk av 7075-T6 flyaluminium.<\/p>\n<p>De individuelt nummererte kikkertringene er linjeborret med hoveddelen og laget i en enkelt operasjon, noe som gir best mulig passform til optikken. Geissele-festene l\u00e5ses p\u00e5 plass ved hjelp av det klassiske mutter- og klemme-systemet, som gir 635 kg klemmekraft per mutter. Dette systemet gir opptil 3 ganger mer klemmekraft enn ethvert spaksystem, mens presisjonsmaskinerte skj\u00e6rkanter hjelper med \u00e5 l\u00e5se optikken p\u00e5 plass p\u00e5 mottakeren under rekyl. Monteringsoverflaten spenner over 8 picatinny-seksjoner.<\/p>\n<h2 style=\"text-align: center\"><strong>&#8212; SPESIFIKASJONER &#8212;<\/strong><\/h2>\n<table border=\"1\">\n<tbody>\n<tr>\n<td><strong>MATERIALE: <\/strong><\/td>\n<td> 7075-T6<\/td>\n<\/tr>\n<tr>\n<td><strong>FARGE: <\/strong><\/td>\n<td> Svart<\/td>\n<\/tr>\n<tr>\n<td><strong>OVERFLATEBEHANDLING: <\/strong><\/td>\n<td> Type-3 Hardcoat Anodisering<\/td>\n<\/tr>\n<tr>\n<td><strong>VEKT: <\/strong><\/td>\n<td> 201 gram<\/td>\n<\/tr>\n<tr>\n<td><strong>RINGST\u00d8RRELSE: <\/strong><\/td>\n<td> 30mm<\/td>\n<\/tr>\n<\/tbody>\n<\/table>\n<\/div>\n<\/div>\n","protected":false},"excerpt":{"rendered":"<p><strong>Del av Geissele SOPMOD-sertifisert serie<\/strong><\/p>\n","protected":false},"featured_media":56743,"template":"","meta":{"_acf_changed":false},"product_brand":[11384],"product_cat":[13311],"product_tag":[],"class_list":{"0":"post-56742","1":"product","2":"type-product","3":"status-publish","4":"has-post-thumbnail","6":"product_brand-geissele","7":"product_cat-rifle","9":"first","10":"instock","11":"taxable","12":"shipping-taxable","13":"product-type-variable","14":"wvs-archive-product-wrapper"},"acf":[],"_links":{"self":[{"href":"https:\/\/staging.nbg.eu\/no\/wp-json\/wp\/v2\/product\/56742","targetHints":{"allow":["GET"]}}],"collection":[{"href":"https:\/\/staging.nbg.eu\/no\/wp-json\/wp\/v2\/product"}],"about":[{"href":"https:\/\/staging.nbg.eu\/no\/wp-json\/wp\/v2\/types\/product"}],"wp:featuredmedia":[{"embeddable":true,"href":"https:\/\/staging.nbg.eu\/no\/wp-json\/wp\/v2\/media\/56743"}],"wp:attachment":[{"href":"https:\/\/staging.nbg.eu\/no\/wp-json\/wp\/v2\/media?parent=56742"}],"wp:term":[{"taxonomy":"product_brand","embeddable":true,"href":"https:\/\/staging.nbg.eu\/no\/wp-json\/wp\/v2\/product_brand?post=56742"},{"taxonomy":"product_cat","embeddable":true,"href":"https:\/\/staging.nbg.eu\/no\/wp-json\/wp\/v2\/product_cat?post=56742"},{"taxonomy":"product_tag","embeddable":true,"href":"https:\/\/staging.nbg.eu\/no\/wp-json\/wp\/v2\/product_tag?post=56742"}],"curies":[{"name":"wp","href":"https:\/\/api.w.org\/{rel}","templated":true}]}}