{"id":555072,"date":"2025-09-06T16:22:33","date_gmt":"2025-09-06T13:22:33","guid":{"rendered":"https:\/\/staging.nbg.eu\/product\/magnetospeed-llc-barrel-cooler\/"},"modified":"2025-10-01T16:53:02","modified_gmt":"2025-10-01T13:53:02","slug":"magnetospeed-llc-pipekoler","status":"publish","type":"product","link":"https:\/\/staging.nbg.eu\/no\/produkt\/magnetospeed-llc-pipekoler\/","title":{"rendered":"MAGNETOSPEED LLC Pipekoler"},"content":{"rendered":"<div class=\"product-description\">\n<h2>MAGNETOSPEED LLC L\u00f8pkj\u00f8ler<\/h2>\n<p>Hold v\u00e5penets l\u00f8p kj\u00f8lig og forleng skytesesjonene dine med MAGNETOSPEED LLC L\u00f8pkj\u00f8ler. Denne enheten festes sikkert til l\u00f8pet ditt og gir rask varmespredning for forbedret n\u00f8yaktighet og levetid.<\/p>\n<ul>\n<li>Kompatibel med de fleste rifle- og pistoll\u00f8p<\/li>\n<li>Holdbar aluminiumskonstruksjon<\/li>\n<li>Enkelt magnetisk festesystem<\/li>\n<li>Reduserer l\u00f8ptemperaturen med opptil 50%<\/li>\n<li>Kompakt og lett design for b\u00e6rbarhet<\/li>\n<\/ul>\n<p>Enten du er p\u00e5 skytebanen eller i konkurranse, sikrer MAGNETOSPEED LLC L\u00f8pkj\u00f8ler at v\u00e5penet ditt opprettholder optimal ytelse. Ikke la overoppheting begrense skyteopplevelsen din &#8211; invester i dette tilbeh\u00f8ret i dag.<\/p>\n<\/div>\n","protected":false},"excerpt":{"rendered":"<p>Enhet for rask kj\u00f8ling av v\u00e5penl\u00f8p. Forlenger n\u00f8yaktighet og levetid.<\/p>\n","protected":false},"featured_media":499610,"template":"","meta":{"_acf_changed":false},"product_brand":[],"product_cat":[13311,13260],"product_tag":[],"class_list":{"0":"post-555072","1":"product","2":"type-product","3":"status-publish","4":"has-post-thumbnail","6":"product_cat-rifle","7":"product_cat-rifle-tuning","9":"first","10":"instock","11":"taxable","12":"shipping-taxable","13":"purchasable","14":"product-type-simple"},"acf":[],"_links":{"self":[{"href":"https:\/\/staging.nbg.eu\/no\/wp-json\/wp\/v2\/product\/555072","targetHints":{"allow":["GET"]}}],"collection":[{"href":"https:\/\/staging.nbg.eu\/no\/wp-json\/wp\/v2\/product"}],"about":[{"href":"https:\/\/staging.nbg.eu\/no\/wp-json\/wp\/v2\/types\/product"}],"wp:featuredmedia":[{"embeddable":true,"href":"https:\/\/staging.nbg.eu\/no\/wp-json\/wp\/v2\/media\/499610"}],"wp:attachment":[{"href":"https:\/\/staging.nbg.eu\/no\/wp-json\/wp\/v2\/media?parent=555072"}],"wp:term":[{"taxonomy":"product_brand","embeddable":true,"href":"https:\/\/staging.nbg.eu\/no\/wp-json\/wp\/v2\/product_brand?post=555072"},{"taxonomy":"product_cat","embeddable":true,"href":"https:\/\/staging.nbg.eu\/no\/wp-json\/wp\/v2\/product_cat?post=555072"},{"taxonomy":"product_tag","embeddable":true,"href":"https:\/\/staging.nbg.eu\/no\/wp-json\/wp\/v2\/product_tag?post=555072"}],"curies":[{"name":"wp","href":"https:\/\/api.w.org\/{rel}","templated":true}]}}