{"id":554495,"date":"2025-09-05T18:19:19","date_gmt":"2025-09-05T15:19:19","guid":{"rendered":"https:\/\/staging.nbg.eu\/product\/magpul-enhanced-ejection-port-cover-for-ar-15\/"},"modified":"2025-10-01T16:38:00","modified_gmt":"2025-10-01T13:38:00","slug":"magpul-forsterket-utkastportdeksel-for-ar-15","status":"publish","type":"product","link":"https:\/\/staging.nbg.eu\/no\/produkt\/magpul-forsterket-utkastportdeksel-for-ar-15\/","title":{"rendered":"MAGPUL FORSTERKET UTKASTPORTDEKSEL FOR AR-15"},"content":{"rendered":"<div class=\"product-description\">\n<h2>Magpul Forbedret Utkasterportdeksel for AR-15<\/h2>\n<p>Magpul Forbedret Utkasterportdeksel er en komponent for AR-15. Dette st\u00f8vdekselet har f\u00f8lgende egenskaper:<\/p>\n<ul>\n<li>Korrosjonsbestandig og st\u00f8tbestandig konstruksjon av spr\u00f8ytest\u00f8pt polymer<\/li>\n<li>Enkel installasjon uten \u00e5 fjerne h\u00e5ndvern, l\u00f8psmuffe, c-klips eller fj\u00e6rer<\/li>\n<li>Kompatibel med .223 Remington\/5,56 kaliber AR-15 plattformer<\/li>\n<li>Svart finish<\/li>\n<\/ul>\n<p>Magpul Forbedret Utkasterportdeksel er enklere \u00e5 installere og vedlikeholde enn metalldeksler. Dette tilbeh\u00f8ret er egnet for nye byggeprosjekter eller oppgraderinger av AR-15.<\/p>\n<\/div>\n","protected":false},"excerpt":{"rendered":"<p>P\u00e5klipsbar, korrosjonsbestandig st\u00f8vdeksel for AR-15. Enkel \u00e5 installere.<\/p>\n","protected":false},"featured_media":499451,"template":"","meta":{"_acf_changed":false},"product_brand":[],"product_cat":[13272,13311,13260],"product_tag":[],"class_list":{"0":"post-554495","1":"product","2":"type-product","3":"status-publish","4":"has-post-thumbnail","6":"product_cat-ar-tuning","7":"product_cat-rifle","8":"product_cat-rifle-tuning","10":"first","11":"instock","12":"taxable","13":"shipping-taxable","14":"purchasable","15":"product-type-simple"},"acf":[],"_links":{"self":[{"href":"https:\/\/staging.nbg.eu\/no\/wp-json\/wp\/v2\/product\/554495","targetHints":{"allow":["GET"]}}],"collection":[{"href":"https:\/\/staging.nbg.eu\/no\/wp-json\/wp\/v2\/product"}],"about":[{"href":"https:\/\/staging.nbg.eu\/no\/wp-json\/wp\/v2\/types\/product"}],"wp:featuredmedia":[{"embeddable":true,"href":"https:\/\/staging.nbg.eu\/no\/wp-json\/wp\/v2\/media\/499451"}],"wp:attachment":[{"href":"https:\/\/staging.nbg.eu\/no\/wp-json\/wp\/v2\/media?parent=554495"}],"wp:term":[{"taxonomy":"product_brand","embeddable":true,"href":"https:\/\/staging.nbg.eu\/no\/wp-json\/wp\/v2\/product_brand?post=554495"},{"taxonomy":"product_cat","embeddable":true,"href":"https:\/\/staging.nbg.eu\/no\/wp-json\/wp\/v2\/product_cat?post=554495"},{"taxonomy":"product_tag","embeddable":true,"href":"https:\/\/staging.nbg.eu\/no\/wp-json\/wp\/v2\/product_tag?post=554495"}],"curies":[{"name":"wp","href":"https:\/\/api.w.org\/{rel}","templated":true}]}}