{"id":554285,"date":"2025-09-06T16:21:27","date_gmt":"2025-09-06T13:21:27","guid":{"rendered":"https:\/\/staging.nbg.eu\/product\/armazone-q-r-viper-30mm\/"},"modified":"2025-10-01T16:26:29","modified_gmt":"2025-10-01T13:26:29","slug":"armazone-q-r-viper-30mm","status":"publish","type":"product","link":"https:\/\/staging.nbg.eu\/no\/produkt\/armazone-q-r-viper-30mm\/","title":{"rendered":"# Armazone Q-R Viper 30mm"},"content":{"rendered":"<h2>Armazone Q-R Viper 30mm<\/h2>\n<p>Armazone Q-R Viper 30mm er en QR-adapter designet for enheter med M33.5\u00d70.75 gjenge. Denne adapteren i ett stykke muliggj\u00f8r integrasjon av nattsyns- eller termiske clip-ons med dagssikter.<\/p>\n<h2>Hovedfunksjoner:<\/h2>\n<ul>\n<li>Hurtigl\u00e5shendel for enkel montering og fjerning<\/li>\n<li>Verkt\u00f8yfri justering og installasjon<\/li>\n<li>Spesiell ArmaZone-tape for st\u00f8yreduksjon under montering og skyting<\/li>\n<li>Kompatibel med Nitehog termiske redskaper<\/li>\n<li>Kompenserer for opptil 1mm nedoverrettet avb\u00f8yning<\/li>\n<\/ul>\n<p>Armazone Q-R Viper 30mm er en l\u00f8sning for skyttere og jegere som \u00f8nsker forbedrede nattlige egenskaper.<\/p>\n","protected":false},"excerpt":{"rendered":"<p>Hurtigl\u00e5s-adapter for termiske enheter p\u00e5 Nitehog-kikkerter. Verkt\u00f8yfri.<\/p>\n","protected":false},"featured_media":499540,"template":"","meta":{"_acf_changed":false},"product_brand":[],"product_cat":[13244,13287,13242],"product_tag":[],"class_list":{"0":"post-554285","1":"product","2":"type-product","3":"status-publish","4":"has-post-thumbnail","6":"product_cat-sikteutstyr","7":"product_cat-sikting","8":"product_cat-termisk","10":"first","11":"instock","12":"taxable","13":"shipping-taxable","14":"purchasable","15":"product-type-simple"},"acf":[],"_links":{"self":[{"href":"https:\/\/staging.nbg.eu\/no\/wp-json\/wp\/v2\/product\/554285","targetHints":{"allow":["GET"]}}],"collection":[{"href":"https:\/\/staging.nbg.eu\/no\/wp-json\/wp\/v2\/product"}],"about":[{"href":"https:\/\/staging.nbg.eu\/no\/wp-json\/wp\/v2\/types\/product"}],"wp:featuredmedia":[{"embeddable":true,"href":"https:\/\/staging.nbg.eu\/no\/wp-json\/wp\/v2\/media\/499540"}],"wp:attachment":[{"href":"https:\/\/staging.nbg.eu\/no\/wp-json\/wp\/v2\/media?parent=554285"}],"wp:term":[{"taxonomy":"product_brand","embeddable":true,"href":"https:\/\/staging.nbg.eu\/no\/wp-json\/wp\/v2\/product_brand?post=554285"},{"taxonomy":"product_cat","embeddable":true,"href":"https:\/\/staging.nbg.eu\/no\/wp-json\/wp\/v2\/product_cat?post=554285"},{"taxonomy":"product_tag","embeddable":true,"href":"https:\/\/staging.nbg.eu\/no\/wp-json\/wp\/v2\/product_tag?post=554285"}],"curies":[{"name":"wp","href":"https:\/\/api.w.org\/{rel}","templated":true}]}}