{"id":554042,"date":"2025-09-06T16:21:27","date_gmt":"2025-09-06T13:21:27","guid":{"rendered":"https:\/\/staging.nbg.eu\/product\/armazone-q-r-viper-48mm\/"},"modified":"2025-10-01T16:17:42","modified_gmt":"2025-10-01T13:17:42","slug":"armazone-q-r-viper-48mm","status":"publish","type":"product","link":"https:\/\/staging.nbg.eu\/no\/produkt\/armazone-q-r-viper-48mm\/","title":{"rendered":"Armazone Q-R Viper 48mm"},"content":{"rendered":"<h2>Armazone Q-R Viper 48mm<\/h2>\n<p>Armazone Q-R Viper 48mm er en adapter for montering av termiske redskaper p\u00e5 Nitehog-enheter. Den har en hurtigl\u00e5smekanisme og spaksystem.<\/p>\n<h2>Hovedfunksjoner:<\/h2>\n<ul>\n<li>Hurtigl\u00e5sspak for montering og fjerning<\/li>\n<li>Verkt\u00f8yfri bruk etter justering<\/li>\n<li>Kompatibel med Nitehog teleskopsikter<\/li>\n<li>Konstruert for sikker festing<\/li>\n<\/ul>\n<p><strong>Merk:<\/strong> Denne adapteren kan kompensere for en maksimal nedadg\u00e5ende avb\u00f8yning p\u00e5 1mm. Den er ikke en universell l\u00f8sning for alle monteringsscenarier.<\/p>\n<p>Armazone Q-R Viper 48mm kan brukes til \u00e5 oppgradere ditt termiske bildeutstyr for \u00f8kt allsidighet og brukervennlighet i felten.<\/p>\n","protected":false},"excerpt":{"rendered":"<p>Hurtigl\u00e5s termisk adapter for Nitehog-sikter. Verkt\u00f8yfri montering.<\/p>\n","protected":false},"featured_media":499494,"template":"","meta":{"_acf_changed":false},"product_brand":[],"product_cat":[13244,13287,13242],"product_tag":[],"class_list":{"0":"post-554042","1":"product","2":"type-product","3":"status-publish","4":"has-post-thumbnail","6":"product_cat-sikteutstyr","7":"product_cat-sikting","8":"product_cat-termisk","10":"first","11":"instock","12":"taxable","13":"shipping-taxable","14":"purchasable","15":"product-type-simple"},"acf":[],"_links":{"self":[{"href":"https:\/\/staging.nbg.eu\/no\/wp-json\/wp\/v2\/product\/554042","targetHints":{"allow":["GET"]}}],"collection":[{"href":"https:\/\/staging.nbg.eu\/no\/wp-json\/wp\/v2\/product"}],"about":[{"href":"https:\/\/staging.nbg.eu\/no\/wp-json\/wp\/v2\/types\/product"}],"wp:featuredmedia":[{"embeddable":true,"href":"https:\/\/staging.nbg.eu\/no\/wp-json\/wp\/v2\/media\/499494"}],"wp:attachment":[{"href":"https:\/\/staging.nbg.eu\/no\/wp-json\/wp\/v2\/media?parent=554042"}],"wp:term":[{"taxonomy":"product_brand","embeddable":true,"href":"https:\/\/staging.nbg.eu\/no\/wp-json\/wp\/v2\/product_brand?post=554042"},{"taxonomy":"product_cat","embeddable":true,"href":"https:\/\/staging.nbg.eu\/no\/wp-json\/wp\/v2\/product_cat?post=554042"},{"taxonomy":"product_tag","embeddable":true,"href":"https:\/\/staging.nbg.eu\/no\/wp-json\/wp\/v2\/product_tag?post=554042"}],"curies":[{"name":"wp","href":"https:\/\/api.w.org\/{rel}","templated":true}]}}