{"id":545563,"date":"2025-09-05T18:15:43","date_gmt":"2025-09-05T15:15:43","guid":{"rendered":"https:\/\/staging.nbg.eu\/product\/kmr-baseball-cap\/"},"modified":"2025-10-01T10:41:07","modified_gmt":"2025-10-01T07:41:07","slug":"kmr-baseballcaps","status":"publish","type":"product","link":"https:\/\/staging.nbg.eu\/no\/produkt\/kmr-baseballcaps\/","title":{"rendered":"KMR Baseballcaps"},"content":{"rendered":"<h2>KMR Baseballcaps<\/h2>\n<h2>Referanse: 0380-00501-0000<\/h2>\n<p>Baseballcaps fra KMR Precision Arms. Denne capsen er laget for komfort og bruk p\u00e5 skytebanen eller i felten. Den har KMR-logoen og er egnet for konkurranseskyttere og v\u00e5peninteresserte. Capsen har justerbar rem for tilpasning og pustende stoff. Et tilbeh\u00f8r fra KMR.<\/p>\n","protected":false},"excerpt":{"rendered":"<p>KMR baseballcaps: Elegant konkurransehovedplagg for presisjonsskyttere.<\/p>\n","protected":false},"featured_media":499072,"template":"","meta":{"_acf_changed":false},"product_brand":[],"product_cat":[13327],"product_tag":[],"class_list":{"0":"post-545563","1":"product","2":"type-product","3":"status-publish","4":"has-post-thumbnail","6":"product_cat-ukategorisert","8":"first","9":"instock","10":"taxable","11":"shipping-taxable","12":"purchasable","13":"product-type-simple"},"acf":[],"_links":{"self":[{"href":"https:\/\/staging.nbg.eu\/no\/wp-json\/wp\/v2\/product\/545563","targetHints":{"allow":["GET"]}}],"collection":[{"href":"https:\/\/staging.nbg.eu\/no\/wp-json\/wp\/v2\/product"}],"about":[{"href":"https:\/\/staging.nbg.eu\/no\/wp-json\/wp\/v2\/types\/product"}],"wp:featuredmedia":[{"embeddable":true,"href":"https:\/\/staging.nbg.eu\/no\/wp-json\/wp\/v2\/media\/499072"}],"wp:attachment":[{"href":"https:\/\/staging.nbg.eu\/no\/wp-json\/wp\/v2\/media?parent=545563"}],"wp:term":[{"taxonomy":"product_brand","embeddable":true,"href":"https:\/\/staging.nbg.eu\/no\/wp-json\/wp\/v2\/product_brand?post=545563"},{"taxonomy":"product_cat","embeddable":true,"href":"https:\/\/staging.nbg.eu\/no\/wp-json\/wp\/v2\/product_cat?post=545563"},{"taxonomy":"product_tag","embeddable":true,"href":"https:\/\/staging.nbg.eu\/no\/wp-json\/wp\/v2\/product_tag?post=545563"}],"curies":[{"name":"wp","href":"https:\/\/api.w.org\/{rel}","templated":true}]}}