{"id":540840,"date":"2025-09-05T18:09:45","date_gmt":"2025-09-05T15:09:45","guid":{"rendered":"https:\/\/staging.nbg.eu\/product\/bullet-berger-cal-6-5-creedmoor-elite-hunter-140gr-100pcs\/"},"modified":"2025-09-30T17:22:39","modified_gmt":"2025-09-30T14:22:39","slug":"kule-berger-kal-65-creedmoor-elite-hunter-140gr100stk","status":"publish","type":"product","link":"https:\/\/staging.nbg.eu\/no\/produkt\/kule-berger-kal-65-creedmoor-elite-hunter-140gr100stk\/","title":{"rendered":"Kule Berger kal. 6.5 Creedmoor Elite Hunter 140gr.\/100stk."},"content":{"rendered":"<h2>Kule Berger kal. 6.5 Creedmoor Elite Hunter 140gr.\/100stk.<\/h2>\n<p>Berger&#8217;s 6.5 Creedmoor 140 Grain Elite Hunter riflekule. Designet for jakt p\u00e5 mellomstort vilt, denne kulen tilbyr:<\/p>\n<ul>\n<li><strong>Konsistens:<\/strong> Bruker J4 Precision Bullet Jackets med +\/-.0003&#8243; Total Indicated Runout (TIR)<\/li>\n<li><strong>Hybrid Ogive:<\/strong> Kombinerer tangent og sekant neseformer for enkel justering og flatere bane<\/li>\n<li><strong>Konsistent kjerne:<\/strong> Eliminerer behovet for vektsortering, sikrer p\u00e5litelig fall og konsistent BC<\/li>\n<li><strong>Boat Tail Design:<\/strong> Gir aerodynamisk fordel p\u00e5 lengre avstander<\/li>\n<li><strong>J4 Jaktmantel:<\/strong> Muliggj\u00f8r 2-3&#8243; penetrasjon f\u00f8r rask ekspansjon<\/li>\n<\/ul>\n<p>6.5 Creedmoor Elite Hunter er egnet for konkurranseskyting og jakt. Med en G1 BC p\u00e5 0,606 og en munningshastighet p\u00e5 2750 fps, leverer denne ammunisjonen n\u00f8yaktighet p\u00e5 lange avstander.<\/p>\n<p>Spesifikasjoner:<\/p>\n<ul>\n<li>Vekt: 140 Grain<\/li>\n<li>G7 BC: 0,31<\/li>\n<li>Minimum vridning: 1:8&#8243; eller raskere<\/li>\n<li>Maksimal COAL: 2,825&#8243;<\/li>\n<li>Munningsenergi: 2351 ft-lb<\/li>\n<\/ul>\n<p>Berger&#8217;s Elite Hunter er egnet for jaktekspedisjoner eller konkurranseskyting.<\/p>\n","protected":false},"excerpt":{"rendered":"<p>Elite Hunter 6.5 Creedmoor: N\u00f8yaktig, p\u00e5litelig 140gr kule for mellomstort vilt.<\/p>\n","protected":false},"featured_media":498855,"template":"","meta":{"_acf_changed":false},"product_brand":[],"product_cat":[13286,13290,13307],"product_tag":[],"class_list":{"0":"post-540840","1":"product","2":"type-product","3":"status-publish","4":"has-post-thumbnail","6":"product_cat-ammunisjon","7":"product_cat-kuler","8":"product_cat-omlading","10":"first","11":"instock","12":"taxable","13":"shipping-taxable","14":"product-type-simple"},"acf":[],"_links":{"self":[{"href":"https:\/\/staging.nbg.eu\/no\/wp-json\/wp\/v2\/product\/540840","targetHints":{"allow":["GET"]}}],"collection":[{"href":"https:\/\/staging.nbg.eu\/no\/wp-json\/wp\/v2\/product"}],"about":[{"href":"https:\/\/staging.nbg.eu\/no\/wp-json\/wp\/v2\/types\/product"}],"wp:featuredmedia":[{"embeddable":true,"href":"https:\/\/staging.nbg.eu\/no\/wp-json\/wp\/v2\/media\/498855"}],"wp:attachment":[{"href":"https:\/\/staging.nbg.eu\/no\/wp-json\/wp\/v2\/media?parent=540840"}],"wp:term":[{"taxonomy":"product_brand","embeddable":true,"href":"https:\/\/staging.nbg.eu\/no\/wp-json\/wp\/v2\/product_brand?post=540840"},{"taxonomy":"product_cat","embeddable":true,"href":"https:\/\/staging.nbg.eu\/no\/wp-json\/wp\/v2\/product_cat?post=540840"},{"taxonomy":"product_tag","embeddable":true,"href":"https:\/\/staging.nbg.eu\/no\/wp-json\/wp\/v2\/product_tag?post=540840"}],"curies":[{"name":"wp","href":"https:\/\/api.w.org\/{rel}","templated":true}]}}