{"id":54068,"date":"2024-03-02T10:05:47","date_gmt":"2024-09-13T12:58:12","guid":{"rendered":"https:\/\/staging.nbg.eu\/product\/bore-tech-proof-positive-shotgun-jag-12-16-20-ga\/"},"modified":"2024-09-13T12:59:09","modified_gmt":"2024-09-13T12:59:09","slug":"bore-tech-proof-positive-hagle-jag-121620-ga","status":"publish","type":"product","link":"https:\/\/staging.nbg.eu\/no\/produkt\/bore-tech-proof-positive-hagle-jag-121620-ga\/","title":{"rendered":"Bore Tech Proof-Positive Hagle Jag (12\/16\/20 GA)"},"content":{"rendered":"<div class=\"product-description\">\n<h2>Bore Tech Proof-Positive Haglgev\u00e6rb\u00f8rste (12\/16\/20 GA)<\/h2>\n<p>B\u00f8rste for rengj\u00f8ring av haglegev\u00e6r fra Bore Tech. Egenskaper:<\/p>\n<ul>\n<li>4 fleksible blader for tilpasning til l\u00f8pet<\/li>\n<li>Laget av slitesterk nylon<\/li>\n<li>Komprimeres for \u00e5 passere gjennom choke<\/li>\n<li>Passer til standard 5\/16-27 gjengede stenger<\/li>\n<\/ul>\n<p>For vedlikehold av haglegev\u00e6r. Egnet for haglgev\u00e6rbrukere.<\/p>\n<p><strong>Pris: 14,99 USD<\/strong><\/p>\n<\/div>\n","protected":false},"excerpt":{"rendered":"<p>Fleksibel 4-blads b\u00f8rste for effektiv haglgev\u00e6rrengj\u00f8ring. Sk\u00e5nsom mot choken.<\/p>\n","protected":false},"featured_media":54069,"template":"","meta":{"_acf_changed":false},"product_brand":[11166],"product_cat":[13319,13317,13292],"product_tag":[],"class_list":{"0":"post-54068","1":"product","2":"type-product","3":"status-publish","4":"has-post-thumbnail","6":"product_brand-boretech","7":"product_cat-borster","8":"product_cat-jags","9":"product_cat-vapenrengjoring","11":"first","12":"instock","13":"taxable","14":"shipping-taxable","15":"purchasable","16":"product-type-variable","17":"wvs-archive-product-wrapper"},"acf":[],"_links":{"self":[{"href":"https:\/\/staging.nbg.eu\/no\/wp-json\/wp\/v2\/product\/54068","targetHints":{"allow":["GET"]}}],"collection":[{"href":"https:\/\/staging.nbg.eu\/no\/wp-json\/wp\/v2\/product"}],"about":[{"href":"https:\/\/staging.nbg.eu\/no\/wp-json\/wp\/v2\/types\/product"}],"wp:featuredmedia":[{"embeddable":true,"href":"https:\/\/staging.nbg.eu\/no\/wp-json\/wp\/v2\/media\/54069"}],"wp:attachment":[{"href":"https:\/\/staging.nbg.eu\/no\/wp-json\/wp\/v2\/media?parent=54068"}],"wp:term":[{"taxonomy":"product_brand","embeddable":true,"href":"https:\/\/staging.nbg.eu\/no\/wp-json\/wp\/v2\/product_brand?post=54068"},{"taxonomy":"product_cat","embeddable":true,"href":"https:\/\/staging.nbg.eu\/no\/wp-json\/wp\/v2\/product_cat?post=54068"},{"taxonomy":"product_tag","embeddable":true,"href":"https:\/\/staging.nbg.eu\/no\/wp-json\/wp\/v2\/product_tag?post=54068"}],"curies":[{"name":"wp","href":"https:\/\/api.w.org\/{rel}","templated":true}]}}