{"id":53844,"date":"2024-03-04T08:23:25","date_gmt":"2024-09-13T12:54:22","guid":{"rendered":"https:\/\/staging.nbg.eu\/product\/bore-tech-bronze-rifle-brush-3-pack-multiple-calibers\/"},"modified":"2024-09-13T12:55:25","modified_gmt":"2024-09-13T12:55:25","slug":"bore-tech-bronse-rifleborste-3-pakning-flere-kalibere","status":"publish","type":"product","link":"https:\/\/staging.nbg.eu\/no\/produkt\/bore-tech-bronse-rifleborste-3-pakning-flere-kalibere\/","title":{"rendered":"Bore Tech Bronse Rifleb\u00f8rste (3-Pakning, Flere Kalibere)"},"content":{"rendered":"<p>\nBore Tech Bronze Rifle B\u00f8rste er konstruert med f\u00f8lgende egenskaper:<\/p>\n<ul>\n<li>L\u00f8kkeformet, dobbeltspunnet kjerne for sikkerhet i l\u00f8pet<\/li>\n<li>Stifter i flykvalitets aluminium<\/li>\n<li>Kaliberspesifikke b\u00f8rstediametre<\/li>\n<li>Tilgjengelig i kaliber .17 til .50<\/li>\n<\/ul>\n<p>Bore Tech b\u00f8rster er designet for effektiv rengj\u00f8ring.<\/p>\n","protected":false},"excerpt":{"rendered":"<p>F\u00f8rsteklasses bronse-rifleb\u00f8rste for effektiv og sikker rengj\u00f8ring av b\u00f8rsel\u00f8p.<\/p>\n","protected":false},"featured_media":53845,"template":"","meta":{"_acf_changed":false},"product_brand":[11166],"product_cat":[13319,13292],"product_tag":[],"class_list":{"0":"post-53844","1":"product","2":"type-product","3":"status-publish","4":"has-post-thumbnail","6":"product_brand-boretech","7":"product_cat-borster","8":"product_cat-vapenrengjoring","10":"first","11":"instock","12":"taxable","13":"shipping-taxable","14":"purchasable","15":"product-type-variable","16":"wvs-archive-product-wrapper"},"acf":[],"_links":{"self":[{"href":"https:\/\/staging.nbg.eu\/no\/wp-json\/wp\/v2\/product\/53844","targetHints":{"allow":["GET"]}}],"collection":[{"href":"https:\/\/staging.nbg.eu\/no\/wp-json\/wp\/v2\/product"}],"about":[{"href":"https:\/\/staging.nbg.eu\/no\/wp-json\/wp\/v2\/types\/product"}],"wp:featuredmedia":[{"embeddable":true,"href":"https:\/\/staging.nbg.eu\/no\/wp-json\/wp\/v2\/media\/53845"}],"wp:attachment":[{"href":"https:\/\/staging.nbg.eu\/no\/wp-json\/wp\/v2\/media?parent=53844"}],"wp:term":[{"taxonomy":"product_brand","embeddable":true,"href":"https:\/\/staging.nbg.eu\/no\/wp-json\/wp\/v2\/product_brand?post=53844"},{"taxonomy":"product_cat","embeddable":true,"href":"https:\/\/staging.nbg.eu\/no\/wp-json\/wp\/v2\/product_cat?post=53844"},{"taxonomy":"product_tag","embeddable":true,"href":"https:\/\/staging.nbg.eu\/no\/wp-json\/wp\/v2\/product_tag?post=53844"}],"curies":[{"name":"wp","href":"https:\/\/api.w.org\/{rel}","templated":true}]}}