{"id":537995,"date":"2025-09-05T17:25:46","date_gmt":"2025-09-05T14:25:46","guid":{"rendered":"https:\/\/staging.nbg.eu\/product\/recoil-spring-kmr-45-extra-extrasoft-8\/"},"modified":"2025-09-30T12:20:33","modified_gmt":"2025-09-30T09:20:33","slug":"returfjaer-kmr-45-ekstra-ekstra-mykt-8","status":"publish","type":"product","link":"https:\/\/staging.nbg.eu\/no\/produkt\/returfjaer-kmr-45-ekstra-ekstra-mykt-8\/","title":{"rendered":"RETURFJ\u00c6R KMR 4,5&#8243; EKSTRA EKSTRA MYKT (8)"},"content":{"rendered":"<h2>REKYLFJ\u00c6R KMR 4,5&#8243; EKSTRA EKSTRAMYK (8)<\/h2>\n<p>REKYLFJ\u00c6R KMR 4,5&#8243; EKSTRA EKSTRAMYK (8) er designet for 4,5-tommers skytev\u00e5pen.<\/p>\n<h2>Produktegenskaper:<\/h2>\n<ul>\n<li>Merke: KMR Precision Arms<\/li>\n<li>Referanse: 0730-05801-0000<\/li>\n<li>Lengde: 4,5 tommer<\/li>\n<li>Type: Ekstra ekstramyk<\/li>\n<li>Antall: 8 fj\u00e6rer per pakke<\/li>\n<\/ul>\n<p>Denne ekstra ekstramyke rekylfj\u00e6ren er utviklet for \u00e5 redusere rekyl og forbedre syklusen til v\u00e5penet. Den er egnet for konkurranseskyttere og entusiaster som \u00f8nsker \u00e5 finjustere v\u00e5penets ytelse.<\/p>\n","protected":false},"excerpt":{"rendered":"<p>Ekstra myk rekylfj\u00e6r for KMR 4,5&#8243; presisjonsv\u00e5pen. Jevn funksjon.<\/p>\n","protected":false},"featured_media":496962,"template":"","meta":{"_acf_changed":false},"product_brand":[11504],"product_cat":[13263],"product_tag":[],"class_list":{"0":"post-537995","1":"product","2":"type-product","3":"status-publish","4":"has-post-thumbnail","6":"product_brand-kmr-precision","7":"product_cat-kmr-deler","9":"first","10":"instock","11":"taxable","12":"shipping-taxable","13":"purchasable","14":"product-type-simple"},"acf":[],"_links":{"self":[{"href":"https:\/\/staging.nbg.eu\/no\/wp-json\/wp\/v2\/product\/537995","targetHints":{"allow":["GET"]}}],"collection":[{"href":"https:\/\/staging.nbg.eu\/no\/wp-json\/wp\/v2\/product"}],"about":[{"href":"https:\/\/staging.nbg.eu\/no\/wp-json\/wp\/v2\/types\/product"}],"wp:featuredmedia":[{"embeddable":true,"href":"https:\/\/staging.nbg.eu\/no\/wp-json\/wp\/v2\/media\/496962"}],"wp:attachment":[{"href":"https:\/\/staging.nbg.eu\/no\/wp-json\/wp\/v2\/media?parent=537995"}],"wp:term":[{"taxonomy":"product_brand","embeddable":true,"href":"https:\/\/staging.nbg.eu\/no\/wp-json\/wp\/v2\/product_brand?post=537995"},{"taxonomy":"product_cat","embeddable":true,"href":"https:\/\/staging.nbg.eu\/no\/wp-json\/wp\/v2\/product_cat?post=537995"},{"taxonomy":"product_tag","embeddable":true,"href":"https:\/\/staging.nbg.eu\/no\/wp-json\/wp\/v2\/product_tag?post=537995"}],"curies":[{"name":"wp","href":"https:\/\/api.w.org\/{rel}","templated":true}]}}