{"id":537889,"date":"2025-09-05T17:25:45","date_gmt":"2025-09-05T14:25:45","guid":{"rendered":"https:\/\/staging.nbg.eu\/product\/sons-of-liberty-gun-works-ar-15-bolt-catch-spring\/"},"modified":"2025-09-30T12:11:26","modified_gmt":"2025-09-30T09:11:26","slug":"sons-of-liberty-gun-works-ar-15-boltstopper-fjaer","status":"publish","type":"product","link":"https:\/\/staging.nbg.eu\/no\/produkt\/sons-of-liberty-gun-works-ar-15-boltstopper-fjaer\/","title":{"rendered":"SONS OF LIBERTY GUN WORKS AR-15 BOLTSTOPPER FJ\u00c6R"},"content":{"rendered":"<div class=\"product-description\">\n<h2>SONS OF LIBERTY GUN WORKS AR-15 BOLTFANGERFJ\u00c6R (10-pakning)<\/h2>\n<p>Denne boltfangerfj\u00e6ren er laget for AR-15 plattformen. Komponenten er produsert i USA og s\u00f8rger for funksjonen til v\u00e5penets boltfangermekanisme.<\/p>\n<h2>Hovedegenskaper:<\/h2>\n<ul>\n<li>Designet for AR-15 plattformer<\/li>\n<li>Holdbar konstruksjon<\/li>\n<li>S\u00f8rger for boltfangerfunksjonalitet<\/li>\n<li>Produsert i USA<\/li>\n<li>Selges i 10-pakning for flere utskiftninger eller bygg<\/li>\n<\/ul>\n<p>Produktdetaljer:<\/p>\n<ul>\n<li>Vekt: 4,5 gram<\/li>\n<\/ul>\n<p>Boltfangerfj\u00e6r for AR-15 produsert i USA.<\/p>\n<\/div>\n","protected":false},"excerpt":{"rendered":"<p>USA-produsert AR-15 l\u00e5sehakesfj\u00e6r. N\u00f8dvendig, slitesterk erstatning.<\/p>\n","protected":false},"featured_media":496939,"template":"","meta":{"_acf_changed":false},"product_brand":[],"product_cat":[13260],"product_tag":[],"class_list":{"0":"post-537889","1":"product","2":"type-product","3":"status-publish","4":"has-post-thumbnail","6":"product_cat-rifle-tuning","8":"first","9":"instock","10":"taxable","11":"shipping-taxable","12":"purchasable","13":"product-type-simple"},"acf":[],"_links":{"self":[{"href":"https:\/\/staging.nbg.eu\/no\/wp-json\/wp\/v2\/product\/537889","targetHints":{"allow":["GET"]}}],"collection":[{"href":"https:\/\/staging.nbg.eu\/no\/wp-json\/wp\/v2\/product"}],"about":[{"href":"https:\/\/staging.nbg.eu\/no\/wp-json\/wp\/v2\/types\/product"}],"wp:featuredmedia":[{"embeddable":true,"href":"https:\/\/staging.nbg.eu\/no\/wp-json\/wp\/v2\/media\/496939"}],"wp:attachment":[{"href":"https:\/\/staging.nbg.eu\/no\/wp-json\/wp\/v2\/media?parent=537889"}],"wp:term":[{"taxonomy":"product_brand","embeddable":true,"href":"https:\/\/staging.nbg.eu\/no\/wp-json\/wp\/v2\/product_brand?post=537889"},{"taxonomy":"product_cat","embeddable":true,"href":"https:\/\/staging.nbg.eu\/no\/wp-json\/wp\/v2\/product_cat?post=537889"},{"taxonomy":"product_tag","embeddable":true,"href":"https:\/\/staging.nbg.eu\/no\/wp-json\/wp\/v2\/product_tag?post=537889"}],"curies":[{"name":"wp","href":"https:\/\/api.w.org\/{rel}","templated":true}]}}