{"id":537754,"date":"2025-09-05T00:17:22","date_gmt":"2025-09-04T21:17:22","guid":{"rendered":"https:\/\/staging.nbg.eu\/product\/badger-ordnance-34mm-condition-one-accessory-ring-cap-tan-700-34\/"},"modified":"2025-09-30T11:50:38","modified_gmt":"2025-09-30T08:50:38","slug":"badger-ordnance-34mm-condition-one-tilbehorskaplokk-tan-700-34","status":"publish","type":"product","link":"https:\/\/staging.nbg.eu\/no\/produkt\/badger-ordnance-34mm-condition-one-tilbehorskaplokk-tan-700-34\/","title":{"rendered":"BADGER ORDNANCE 34MM CONDITION ONE TILBEHORSKAPLOKK TAN (700-34)"},"content":{"rendered":"<div class=\"product-description\">\n<h2>BADGER ORDNANCE 34MM CONDITION ONE TILBEH\u00d8RSRINGDEKSEL TAN (700-34)<\/h2>\n<p>Utvid din Condition One Modular Mount med Badger Ordnance Condition One tilbeh\u00f8rsringdeksel (C1 ARC). Dette tilbeh\u00f8ret tilbyr:<\/p>\n<ul>\n<li>Integrering med Condition One Modular Mounts<\/li>\n<li>Fleksible festemuligheter &#8211; plassering foran eller bak<\/li>\n<li>Kompatibilitet med forskjellig tilbeh\u00f8r, inkludert skinner for laseravstandsm\u00e5ler og r\u00f8dpunktsikte p\u00e5 klokken 12<\/li>\n<li>Enkel montering\/demontering uten \u00e5 forstyrre nullstilling av hovedsiktet<\/li>\n<li>Tan finish for taktiske bruksomr\u00e5der<\/li>\n<\/ul>\n<p>Oppgrader ditt optiske oppsett med C1 ARC, designet for \u00e5 gi tilpasning og funksjonalitet for skyttere og profesjonelle.<\/p>\n<\/div>\n","protected":false},"excerpt":{"rendered":"<p>Tilpassbar 34mm ringkapsel for Condition One-fester. Allsidig tilbeh\u00f8rsfeste.<\/p>\n","protected":false},"featured_media":496486,"template":"","meta":{"_acf_changed":false},"product_brand":[11093],"product_cat":[13244,13287],"product_tag":[],"class_list":{"0":"post-537754","1":"product","2":"type-product","3":"status-publish","4":"has-post-thumbnail","6":"product_brand-badger-ordnance","7":"product_cat-sikteutstyr","8":"product_cat-sikting","10":"first","11":"instock","12":"taxable","13":"shipping-taxable","14":"purchasable","15":"product-type-simple"},"acf":[],"_links":{"self":[{"href":"https:\/\/staging.nbg.eu\/no\/wp-json\/wp\/v2\/product\/537754","targetHints":{"allow":["GET"]}}],"collection":[{"href":"https:\/\/staging.nbg.eu\/no\/wp-json\/wp\/v2\/product"}],"about":[{"href":"https:\/\/staging.nbg.eu\/no\/wp-json\/wp\/v2\/types\/product"}],"wp:featuredmedia":[{"embeddable":true,"href":"https:\/\/staging.nbg.eu\/no\/wp-json\/wp\/v2\/media\/496486"}],"wp:attachment":[{"href":"https:\/\/staging.nbg.eu\/no\/wp-json\/wp\/v2\/media?parent=537754"}],"wp:term":[{"taxonomy":"product_brand","embeddable":true,"href":"https:\/\/staging.nbg.eu\/no\/wp-json\/wp\/v2\/product_brand?post=537754"},{"taxonomy":"product_cat","embeddable":true,"href":"https:\/\/staging.nbg.eu\/no\/wp-json\/wp\/v2\/product_cat?post=537754"},{"taxonomy":"product_tag","embeddable":true,"href":"https:\/\/staging.nbg.eu\/no\/wp-json\/wp\/v2\/product_tag?post=537754"}],"curies":[{"name":"wp","href":"https:\/\/api.w.org\/{rel}","templated":true}]}}