{"id":535087,"date":"2025-09-04T20:17:18","date_gmt":"2025-09-04T17:17:18","guid":{"rendered":"https:\/\/staging.nbg.eu\/product\/sprinco-usa-308-m4-extension-tube-cs-xp-buffer-spring-in-hard-tube-25762-orange\/"},"modified":"2025-09-29T15:16:41","modified_gmt":"2025-09-29T12:16:41","slug":"sprinco-usa-308-m4-forlengelsesror-cs-xp-bufferfjaer-i-hard-ror-25762-oransje","status":"publish","type":"product","link":"https:\/\/staging.nbg.eu\/no\/produkt\/sprinco-usa-308-m4-forlengelsesror-cs-xp-bufferfjaer-i-hard-ror-25762-oransje\/","title":{"rendered":"SPRINCO USA 308 M4 FORLENGELSESR\u00d8R CS XP BUFFERFJ\u00c6R I HARD R\u00d8R (25762) Oransje"},"content":{"rendered":"<div class=\"product-description\">\n<h2>SPRINCO USA 308 M4 forlengelsesr\u00f8r CS XP bufferfj\u00e6r i hardt r\u00f8r (25762) Oransje<\/h2>\n<p>En bufferfj\u00e6r for store karbiner, designet for flere konfigurasjoner:<\/p>\n<ul>\n<li>DPMS-m\u00f8nster .308 \/ 6.5 CM med standard 7&#8243; M4 bufferr\u00f8r og 2.5&#8243; kort buffer<\/li>\n<li>SR-25 \/ Armalite-m\u00f8nster karbiner med mellomdybde og 3.25&#8243; buffere<\/li>\n<li>Standard 7&#8243; M4 r\u00f8r i overgassede karbiner (5.56, 6.8 SPC, 6.5 Grendel, etc.)<\/li>\n<\/ul>\n<p>Bufferfj\u00e6r for skytev\u00e5pen. Pakket i et hardt r\u00f8r for beskyttelse under frakt og lagring.<\/p>\n<\/div>\n","protected":false},"excerpt":{"rendered":"<p>Allsidig bufferdempende fj\u00e6r for .308\/6,5 CM karabiner og overtrykksatte rifler.<\/p>\n","protected":false},"featured_media":495551,"template":"","meta":{"_acf_changed":false},"product_brand":[],"product_cat":[13322,13311,13260],"product_tag":[],"class_list":{"0":"post-535087","1":"product","2":"type-product","3":"status-publish","4":"has-post-thumbnail","6":"product_cat-fjaerer","7":"product_cat-rifle","8":"product_cat-rifle-tuning","10":"first","11":"instock","12":"taxable","13":"shipping-taxable","14":"purchasable","15":"product-type-simple"},"acf":[],"_links":{"self":[{"href":"https:\/\/staging.nbg.eu\/no\/wp-json\/wp\/v2\/product\/535087","targetHints":{"allow":["GET"]}}],"collection":[{"href":"https:\/\/staging.nbg.eu\/no\/wp-json\/wp\/v2\/product"}],"about":[{"href":"https:\/\/staging.nbg.eu\/no\/wp-json\/wp\/v2\/types\/product"}],"wp:featuredmedia":[{"embeddable":true,"href":"https:\/\/staging.nbg.eu\/no\/wp-json\/wp\/v2\/media\/495551"}],"wp:attachment":[{"href":"https:\/\/staging.nbg.eu\/no\/wp-json\/wp\/v2\/media?parent=535087"}],"wp:term":[{"taxonomy":"product_brand","embeddable":true,"href":"https:\/\/staging.nbg.eu\/no\/wp-json\/wp\/v2\/product_brand?post=535087"},{"taxonomy":"product_cat","embeddable":true,"href":"https:\/\/staging.nbg.eu\/no\/wp-json\/wp\/v2\/product_cat?post=535087"},{"taxonomy":"product_tag","embeddable":true,"href":"https:\/\/staging.nbg.eu\/no\/wp-json\/wp\/v2\/product_tag?post=535087"}],"curies":[{"name":"wp","href":"https:\/\/api.w.org\/{rel}","templated":true}]}}