{"id":534868,"date":"2025-09-04T20:17:18","date_gmt":"2025-09-04T17:17:18","guid":{"rendered":"https:\/\/staging.nbg.eu\/product\/sprinco-usa-enhanced-4-coil-bolt-carrier-extractor-cs-spring-3-pak-25435-red\/"},"modified":"2025-09-29T14:50:09","modified_gmt":"2025-09-29T11:50:09","slug":"sprinco-usa-forsterket-4-spiral-sluttstykke-ekstraktor-cs-fjaer-3-pakk-25435-rod","status":"publish","type":"product","link":"https:\/\/staging.nbg.eu\/no\/produkt\/sprinco-usa-forsterket-4-spiral-sluttstykke-ekstraktor-cs-fjaer-3-pakk-25435-rod\/","title":{"rendered":"SPRINCO USA FORSTERKET 4-SPIRAL SLUTTSTYKKE EKSTRAKTOR CS FJ\u00c6R 3-PAKK (25435) R\u00f8d"},"content":{"rendered":"<div class=\"product-description\">\n<h2>SPRINCO USA 4-SPOLET BOLT CARRIER EXTRACTOR CS FJ\u00c6R 3-PAKKE (25435) R\u00f8d<\/h2>\n<p>Sprinco&#8217;s USA-produserte 4-spolet Bolt Carrier Extractor CS fj\u00e6r 3-pakke. Laget av varmebehandlet, spenningsavlastet krom-silisium tr\u00e5d, disse fj\u00e6rene gjennomg\u00e5r kryogenisk behandling og har et re-mikronisert molybdendisulfid belegg.<\/p>\n<ul>\n<li>Opprettholder utvidet driftssyklus belastning av NY Mil-Spec fj\u00e6r<\/li>\n<li>Egnet for 18&#8243;+ l\u00f8pslengder og messinghenting<\/li>\n<li>Varmebestandig opptil 750\u00b0F<\/li>\n<li>Ekstreme driftssykluser med konsistent ytelse<\/li>\n<li>&laquo;Plug &amp; play&raquo; l\u00f8sning<\/li>\n<\/ul>\n<p>Oppgrader din bolt carrier gruppe med Sprinco&#8217;s extractor fj\u00e6rer for forbedret v\u00e5penoperasjon og levetid.<\/p>\n<\/div>\n","protected":false},"excerpt":{"rendered":"<p>Slitesterke 4-spols ekstraktorfj\u00e6rer for utvidede arbeidssykluser. Produsert i USA.<\/p>\n","protected":false},"featured_media":495502,"template":"","meta":{"_acf_changed":false},"product_brand":[],"product_cat":[13327],"product_tag":[],"class_list":{"0":"post-534868","1":"product","2":"type-product","3":"status-publish","4":"has-post-thumbnail","6":"product_cat-ukategorisert","8":"first","9":"instock","10":"taxable","11":"shipping-taxable","12":"purchasable","13":"product-type-simple"},"acf":[],"_links":{"self":[{"href":"https:\/\/staging.nbg.eu\/no\/wp-json\/wp\/v2\/product\/534868","targetHints":{"allow":["GET"]}}],"collection":[{"href":"https:\/\/staging.nbg.eu\/no\/wp-json\/wp\/v2\/product"}],"about":[{"href":"https:\/\/staging.nbg.eu\/no\/wp-json\/wp\/v2\/types\/product"}],"wp:featuredmedia":[{"embeddable":true,"href":"https:\/\/staging.nbg.eu\/no\/wp-json\/wp\/v2\/media\/495502"}],"wp:attachment":[{"href":"https:\/\/staging.nbg.eu\/no\/wp-json\/wp\/v2\/media?parent=534868"}],"wp:term":[{"taxonomy":"product_brand","embeddable":true,"href":"https:\/\/staging.nbg.eu\/no\/wp-json\/wp\/v2\/product_brand?post=534868"},{"taxonomy":"product_cat","embeddable":true,"href":"https:\/\/staging.nbg.eu\/no\/wp-json\/wp\/v2\/product_cat?post=534868"},{"taxonomy":"product_tag","embeddable":true,"href":"https:\/\/staging.nbg.eu\/no\/wp-json\/wp\/v2\/product_tag?post=534868"}],"curies":[{"name":"wp","href":"https:\/\/api.w.org\/{rel}","templated":true}]}}