{"id":534756,"date":"2025-09-04T20:17:18","date_gmt":"2025-09-04T17:17:18","guid":{"rendered":"https:\/\/staging.nbg.eu\/product\/law-tactical-llc-ar-15-m16-gen3-m-folding-stock-adapter-fde-99313\/"},"modified":"2025-09-29T13:46:28","modified_gmt":"2025-09-29T10:46:28","slug":"law-tactical-llc-ar-15m16-gen3-m-sammenleggbar-kolbeadapter-fde-99313","status":"publish","type":"product","link":"https:\/\/staging.nbg.eu\/no\/produkt\/law-tactical-llc-ar-15m16-gen3-m-sammenleggbar-kolbeadapter-fde-99313\/","title":{"rendered":"LAW TACTICAL LLC AR-15\/M16 Gen3-M Sammenleggbar Kolbeadapter FDE (99313)"},"content":{"rendered":"<div class=\"product-description\">\n<h2>LAW TACTICAL LLC AR-15\/M16 Gen3-M Foldbar Kolbeadapter FDE (99313)<\/h2>\n<p>LAW TACTICAL Gen3-M Foldbar Kolbeadapter er laget i USA for AR-15. Denne st\u00e5ladapteren muliggj\u00f8r installasjon av en foldbar kolbe, som gj\u00f8r riflen kompakt for transport i kj\u00f8ret\u00f8y eller diskret frakt.<\/p>\n<ul>\n<li>Kompatibel med standard gassystem og gasstempelsystem<\/li>\n<li>Aksepterer A2, mil-spec M4-stil, og kommersielle karbinmottakerr\u00f8r<\/li>\n<li>Fungerer med standard boltb\u00e6rergrupper, inkludert helautomatiske og .308-st\u00f8rrelse<\/li>\n<li>Enknapps betjening for folding og utfolding<\/li>\n<li>Justerbar hengselsspenning<\/li>\n<li>DLC-belegg<\/li>\n<li>Legger til 1,3&#8243; til trekkavstanden<\/li>\n<li>Vekt: 8,5 oz<\/li>\n<\/ul>\n<p><strong>Merk:<\/strong> Ikke skyt med riflen n\u00e5r kolben er foldet. Kun kompatibel med Centerfire og Mil-Spec b\u00e6rere, eller kompatible AR 9mm bolter.<\/p>\n<\/div>\n","protected":false},"excerpt":{"rendered":"<p>Kompakt AR-15 sammenleggbar kolbeadapter for enkel transport og oppbevaring.<\/p>\n","protected":false},"featured_media":495387,"template":"","meta":{"_acf_changed":false},"product_brand":[],"product_cat":[13311,13271,13260],"product_tag":[],"class_list":{"0":"post-534756","1":"product","2":"type-product","3":"status-publish","4":"has-post-thumbnail","6":"product_cat-rifle","7":"product_cat-rifle-kolber","8":"product_cat-rifle-tuning","10":"first","11":"instock","12":"taxable","13":"shipping-taxable","14":"purchasable","15":"product-type-simple"},"acf":[],"_links":{"self":[{"href":"https:\/\/staging.nbg.eu\/no\/wp-json\/wp\/v2\/product\/534756","targetHints":{"allow":["GET"]}}],"collection":[{"href":"https:\/\/staging.nbg.eu\/no\/wp-json\/wp\/v2\/product"}],"about":[{"href":"https:\/\/staging.nbg.eu\/no\/wp-json\/wp\/v2\/types\/product"}],"wp:featuredmedia":[{"embeddable":true,"href":"https:\/\/staging.nbg.eu\/no\/wp-json\/wp\/v2\/media\/495387"}],"wp:attachment":[{"href":"https:\/\/staging.nbg.eu\/no\/wp-json\/wp\/v2\/media?parent=534756"}],"wp:term":[{"taxonomy":"product_brand","embeddable":true,"href":"https:\/\/staging.nbg.eu\/no\/wp-json\/wp\/v2\/product_brand?post=534756"},{"taxonomy":"product_cat","embeddable":true,"href":"https:\/\/staging.nbg.eu\/no\/wp-json\/wp\/v2\/product_cat?post=534756"},{"taxonomy":"product_tag","embeddable":true,"href":"https:\/\/staging.nbg.eu\/no\/wp-json\/wp\/v2\/product_tag?post=534756"}],"curies":[{"name":"wp","href":"https:\/\/api.w.org\/{rel}","templated":true}]}}