{"id":533508,"date":"2025-09-07T23:46:53","date_gmt":"2025-09-07T20:46:53","guid":{"rendered":"https:\/\/staging.nbg.eu\/product\/vanward-thread-insert\/"},"modified":"2025-09-29T10:50:50","modified_gmt":"2025-09-29T07:50:50","slug":"vanward-gjengeinnsats","status":"publish","type":"product","link":"https:\/\/staging.nbg.eu\/no\/produkt\/vanward-gjengeinnsats\/","title":{"rendered":"Vanward Gjengeinnsats"},"content":{"rendered":"<div class=\"product-description\">\n<h2>Vanward gjengeinnlegg<\/h2>\n<p>Til bruk med Vanward Hunter og Hunter Pro lyddempere. St\u00e5l gjengeinnlegg tilgjengelig i flere st\u00f8rrelser og konfigurasjoner:<\/p>\n<ul>\n<li>M13<\/li>\n<li>M14<\/li>\n<li>M15<\/li>\n<li>M17<\/li>\n<li>M18<\/li>\n<li>M22<\/li>\n<\/ul>\n<p>Disse gjengeinnleggene er laget for \u00e5 passe til lyddemperf\u00f4ringen. De er laget av st\u00e5l for holdbarhet og ytelse under ulike skyteforhold.<\/p>\n<p>Kompatible med b\u00e5de Vanward Hunter og Hunter Pro modeller. Disse gjengeinnleggene kan installeres p\u00e5 lyddempere.<\/p>\n<\/div>\n","protected":false},"excerpt":{"rendered":"<p>Vanward gjenginnsats: St\u00e5linnsatser for Hunter-lyddemper, M13-M22.<\/p>\n","protected":false},"featured_media":501460,"template":"","meta":{"_acf_changed":false},"product_brand":[11947],"product_cat":[13246,13283,13264],"product_tag":[],"class_list":{"0":"post-533508","1":"product","2":"type-product","3":"status-publish","4":"has-post-thumbnail","6":"product_brand-vanward","7":"product_cat-lyddempere","8":"product_cat-lyddempetilbehor","9":"product_cat-rifle-lyddempere","11":"first","12":"instock","13":"taxable","14":"shipping-taxable","15":"purchasable","16":"product-type-variable","17":"wvs-archive-product-wrapper"},"acf":[],"_links":{"self":[{"href":"https:\/\/staging.nbg.eu\/no\/wp-json\/wp\/v2\/product\/533508","targetHints":{"allow":["GET"]}}],"collection":[{"href":"https:\/\/staging.nbg.eu\/no\/wp-json\/wp\/v2\/product"}],"about":[{"href":"https:\/\/staging.nbg.eu\/no\/wp-json\/wp\/v2\/types\/product"}],"wp:featuredmedia":[{"embeddable":true,"href":"https:\/\/staging.nbg.eu\/no\/wp-json\/wp\/v2\/media\/501460"}],"wp:attachment":[{"href":"https:\/\/staging.nbg.eu\/no\/wp-json\/wp\/v2\/media?parent=533508"}],"wp:term":[{"taxonomy":"product_brand","embeddable":true,"href":"https:\/\/staging.nbg.eu\/no\/wp-json\/wp\/v2\/product_brand?post=533508"},{"taxonomy":"product_cat","embeddable":true,"href":"https:\/\/staging.nbg.eu\/no\/wp-json\/wp\/v2\/product_cat?post=533508"},{"taxonomy":"product_tag","embeddable":true,"href":"https:\/\/staging.nbg.eu\/no\/wp-json\/wp\/v2\/product_tag?post=533508"}],"curies":[{"name":"wp","href":"https:\/\/api.w.org\/{rel}","templated":true}]}}